{"id":7352,"date":"2020-07-13T13:45:43","date_gmt":"2020-07-13T11:45:43","guid":{"rendered":"http:\/\/fesmcugt.online\/politica-de-privacidad-2\/"},"modified":"2025-05-20T12:07:36","modified_gmt":"2025-05-20T10:07:36","slug":"politica-de-privacidad-2","status":"publish","type":"page","link":"https:\/\/fesmcugt.online\/ca\/politica-de-privacidad-2\/","title":{"rendered":"Pol\u00edtica de Privacidad"},"content":{"rendered":"\n<p>En cumplimiento del Reglamento (UE) 2016\/679 del Parlamento Europeo y del Consejo, de 27 de abril de 2016, relativo a la protecci\u00f3n de las personas f\u00edsicas en lo que respecta al tratamiento de datos personales y a la libre circulaci\u00f3n de estos datos (RGPD), as\u00ed como a la Ley Org\u00e1nica 3\/2018, de 5 de diciembre, de Protecci\u00f3n de Datos Personales y garant\u00eda de los derechos digitales (LOPDGDD), SE TE INFORMA de los siguientes extremos sobre el tratamiento de tus datos que puedan ser recabados a trav\u00e9s de este sitio web:<\/p>\n\n<p><strong><u>Datos del Responsable del Tratamiento<\/u><\/strong><\/p>\n\n<ul class=\"wp-block-list\">\n<li>Responsable del Tratamiento: FEDERACI\u00d3N DE SERVICIOS, MOVILIDAD Y CONSUMO (FeSMC UGT)\n<ul class=\"wp-block-list\">\n<li>Domicilio social: Avenida de Am\u00e9rica 25, 7\u00aa y 8\u00aa planta \u2013 28002 Madrid<\/li>\n\n\n\n<li>CIF:\u00a0 G-87589909<\/li>\n\n\n\n<li>Contacto con el Delegado de Protecci\u00f3n de Datos (DPO):\u00a0<a href=\"mailto:dpo@fesmcugt.org\">dpo@fesmcugt.org<\/a><\/li>\n<\/ul>\n<\/li>\n<\/ul>\n\n<p><strong><u>Finalidades<\/u><\/strong><\/p>\n\n<p>Te informamos que tratamos la informaci\u00f3n que voluntariamente nos has facilitado para la atenci\u00f3n de las consultas, solicitudes y contactos recibidos a trav\u00e9s de este Sitio Web.<\/p>\n\n<p><strong><u>Conservaci\u00f3n<\/u><\/strong><\/p>\n\n<p>Con respecto a los datos proporcionados, se conservar\u00e1n durante no m\u00e1s tiempo del necesario para gestionar la resoluci\u00f3n y respuesta a la consulta, solicitud o contacto recibido, as\u00ed como durante los per\u00edodos de tiempo exigidos por los requerimientos legales existentes.<\/p>\n\n<p><strong><u>Legitimaci\u00f3n<\/u><\/strong><\/p>\n\n<p>Te informamos que la base jur\u00eddica en la que se basa el tratamiento de tus datos personales para la finalidad principal indicada es la obtenci\u00f3n de tu consentimiento inequ\u00edvoco mediante la marcaci\u00f3n de las casillas correspondientes que han podido ser habilitadas en diferentes apartados de este Sitio Web. Igualmente, nos basamos en el inter\u00e9s leg\u00edtimo de poder y deber responder a todas las cuestiones que nos plantees a trav\u00e9s de cualquier apartado o dato de contacto puesto a tu disposici\u00f3n.<\/p>\n\n<p>Sin perjuicio de que la voluntad inicial de contacto provenga de ti, es importante que conozcas la posibilidad de oponerte en cualquier momento al tratamiento de tus datos por nuestra parte mediante petici\u00f3n enviada seg\u00fan el procedimiento de ejercicio de derechos indicado a continuaci\u00f3n.<\/p>\n\n<p><strong><u>Destinatarios<\/u><\/strong><\/p>\n\n<p>Para gestionar correctamente las finalidades principales anteriormente mencionadas, y en funci\u00f3n del tipo de consulta que el usuario haya planteado, podr\u00e1 ser necesario ceder tus datos a otras Uniones o Federaciones que conforman la Confederaci\u00f3n Sindical de la Uni\u00f3n General de Trabajadores.<\/p>\n\n<p>No ser\u00e1 necesario enviar tus datos a pa\u00edses que se encuentren situados fuera de la Uni\u00f3n Europea.<\/p>\n\n<p><strong><u>Derechos<\/u><\/strong><\/p>\n\n<p>Como titular de los datos tratados por la Organizaci\u00f3n, tienes la posibilidad de ejercitar tus derechos de acceso, rectificaci\u00f3n, oposici\u00f3n, supresi\u00f3n, limitaci\u00f3n del tratamiento, portabilidad y a no ser objeto de decisiones individualizadas basadas exclusivamente en tratamientos automatizados.<\/p>\n\n<p>Estos Derechos podr\u00e1n ejercitarse mediante comunicaci\u00f3n a las direcciones postal o del DPO especificadas previamente.<\/p>\n\n<p>Adem\u00e1s, sin perjuicio de que hayas mostrado tu consentimiento para realizar el tratamiento sobre tus datos, es importante que conozcas la posibilidad de retirarlo en cualquier momento mediante petici\u00f3n enviada a las anteriores direcciones.<\/p>\n\n<p>Por \u00faltimo, se informa de que tienes la posibilidad de realizar una reclamaci\u00f3n ante la Agencia Espa\u00f1ola de Protecci\u00f3n de Datos, \u00f3rgano competente en materia de Protecci\u00f3n de Datos en Espa\u00f1a (<a href=\"http:\/\/www.aepd.es\/\">www.aepd.es<\/a>)<\/p>\n","protected":false},"excerpt":{"rendered":"<p>En cumplimiento del Reglamento (UE) 2016\/679 del Parlamento Europeo y del Consejo, de 27 de abril de 2016, relativo a la protecci\u00f3n de las personas f\u00edsicas en lo que respecta al tratamiento de datos personales y a la libre circulaci\u00f3n de estos datos (RGPD), as\u00ed como a la Ley Org\u00e1nica 3\/2018, de 5 de diciembre, &#8230; <a title=\"Pol\u00edtica de Privacidad\" class=\"read-more\" href=\"https:\/\/fesmcugt.online\/ca\/politica-de-privacidad-2\/\" aria-label=\"M\u00e9s informaci\u00f3 sobre Pol\u00edtica de Privacidad\">Llegiu m\u00e9s<\/a><\/p>\n","protected":false},"author":1,"featured_media":0,"parent":0,"menu_order":0,"comment_status":"closed","ping_status":"closed","template":"","meta":{"_acf_changed":false,"_seopress_robots_primary_cat":"","_seopress_titles_title":"","_seopress_titles_desc":"","_seopress_robots_index":"","_editorskit_title_hidden":false,"_editorskit_reading_time":5,"_editorskit_is_block_options_detached":false,"_editorskit_block_options_position":"{}","_coblocks_attr":"","_coblocks_dimensions":"","_coblocks_responsive_height":"","_coblocks_accordion_ie_support":"","_uag_custom_page_level_css":"","footnotes":""},"class_list":["post-7352","page","type-page","status-publish"],"acf":[],"featured_image_src":null,"featured_image_src_square":null,"uagb_featured_image_src":{"full":false,"thumbnail":false,"medium":false,"medium_large":false,"large":false,"1536x1536":false,"2048x2048":false,"gb-block-post-grid-landscape":false,"gb-block-post-grid-square":false},"uagb_author_info":{"display_name":"fcaballero","author_link":"https:\/\/fesmcugt.online\/ca\/author\/fcaballero\/"},"uagb_comment_info":0,"uagb_excerpt":"En cumplimiento del Reglamento (UE) 2016\/679 del Parlamento Europeo y del Consejo, de 27 de abril de 2016, relativo a la protecci\u00f3n de las personas f\u00edsicas en lo que respecta al tratamiento de datos personales y a la libre circulaci\u00f3n de estos datos (RGPD), as\u00ed como a la Ley Org\u00e1nica 3\/2018, de 5 de diciembre,&hellip;","_links":{"self":[{"href":"https:\/\/fesmcugt.online\/ca\/wp-json\/wp\/v2\/pages\/7352","targetHints":{"allow":["GET"]}}],"collection":[{"href":"https:\/\/fesmcugt.online\/ca\/wp-json\/wp\/v2\/pages"}],"about":[{"href":"https:\/\/fesmcugt.online\/ca\/wp-json\/wp\/v2\/types\/page"}],"author":[{"embeddable":true,"href":"https:\/\/fesmcugt.online\/ca\/wp-json\/wp\/v2\/users\/1"}],"replies":[{"embeddable":true,"href":"https:\/\/fesmcugt.online\/ca\/wp-json\/wp\/v2\/comments?post=7352"}],"version-history":[{"count":2,"href":"https:\/\/fesmcugt.online\/ca\/wp-json\/wp\/v2\/pages\/7352\/revisions"}],"predecessor-version":[{"id":7354,"href":"https:\/\/fesmcugt.online\/ca\/wp-json\/wp\/v2\/pages\/7352\/revisions\/7354"}],"wp:attachment":[{"href":"https:\/\/fesmcugt.online\/ca\/wp-json\/wp\/v2\/media?parent=7352"}],"curies":[{"name":"wp","href":"https:\/\/api.w.org\/{rel}","templated":true}]}}