{"id":7348,"date":"2025-05-20T10:47:44","date_gmt":"2025-05-20T08:47:44","guid":{"rendered":"http:\/\/fesmcugt.online\/aviso-legal\/"},"modified":"2025-05-20T12:02:21","modified_gmt":"2025-05-20T10:02:21","slug":"aviso-legal","status":"publish","type":"page","link":"https:\/\/fesmcugt.online\/ca\/aviso-legal\/","title":{"rendered":"Aviso legal"},"content":{"rendered":"\n<p>El presente sitio web es propiedad de FeSMC UGT. En virtud del cumplimiento del Art. 10 de la Ley 34\/2002, de Servicios de la Sociedad de la Informaci\u00f3n, le informamos que los datos identificativos del titular de la p\u00e1gina son:<\/p>\n\n<ul class=\"wp-block-list\">\n<li>FEDERACI\u00d3N DE SERVICIOS, MOVILIDAD Y CONSUMO (FeSMC UGT)\n<ul class=\"wp-block-list\">\n<li>G-87589909<\/li>\n\n\n\n<li>Avenida de Am\u00e9rica 25, 28002 Madrid<\/li>\n\n\n\n<li>Tel\u00e9fono: \u00a0915 897 152<\/li>\n\n\n\n<li>Datos de inscripci\u00f3n en el Registro: dep\u00f3sito 99105656 y siendo publicado su dep\u00f3sito en el B.O.E. n\u00ba 278 de fecha 17 de noviembre de 2016<\/li>\n<\/ul>\n<\/li>\n<\/ul>\n\n<p>El acceso a este sitio web supone la aceptaci\u00f3n expresa del usuario a las presentes Condiciones Generales y Particulares de Uso, que podr\u00e1n ser modificadas o sustituidas por su titular en cualquier momento y sin previo aviso.<\/p>\n\n<p>El usuario se compromete a utilizar el portal y sus servicios y contenidos sin infringir la legislaci\u00f3n vigente, la buena fe y el orden p\u00fablico.<\/p>\n\n<p>El usuario se compromete a no utilizar el contenido de la p\u00e1gina web con fines il\u00edcitos, contrarios a lo establecido en este Aviso Legal. No se lesionar\u00e1n derechos e intereses de terceros, ni se realizar\u00e1n acciones que de cualquier forma puedan da\u00f1ar, inutilizar, sobrecargar, o deteriorar el sitio web.<\/p>\n\n<p>Asimismo, la Organizaci\u00f3n se reserva el derecho de impedir el acceso a los usuarios al sitio web en caso de incumplimiento o violaci\u00f3n de estas obligaciones, as\u00ed como del resto de las condiciones generales o de la Ley.<\/p>\n\n<p>Queda expresamente prohibida la utilizaci\u00f3n por parte del usuario de los contenidos y servicios del portal para todo tipo de fines comerciales y publicitarios.<\/p>\n\n<p>La Organizaci\u00f3n no se hace responsable en ning\u00fan caso de cualquier tipo de informaci\u00f3n, comunicaci\u00f3n, etc., que tenga su origen en el usuario o cualquier tercera persona o entidad y que se difunda, transmita o exhiba a trav\u00e9s del Portal.<\/p>\n\n<p>La Organizaci\u00f3n se reserva la facultad de efectuar, en cualquier momento y sin necesidad de previo aviso, modificaciones y actualizaciones de la informaci\u00f3n contenida en la web, de la configuraci\u00f3n y presentaci\u00f3n de esta y de las condiciones generales de acceso.<\/p>\n\n<p><strong>Propiedad Intelectual e Industrial<\/strong><\/p>\n\n<p>Los contenidos, documentaci\u00f3n, im\u00e1genes, gr\u00e1ficos, marcas, logos y dise\u00f1o que forman esta web son propiedad de la Organizaci\u00f3n y se encuentran debidamente protegidos de conformidad con la normativa espa\u00f1ola e internacional sobre Propiedad Intelectual, por lo que queda expresamente prohibida su reproducci\u00f3n, uso, en cualquiera de sus formas, o cualquier otra forma de explotaci\u00f3n, sin la previa y expresa autorizaci\u00f3n de la Organizaci\u00f3n. En caso contrario, se dar\u00e1 lugar a las responsabilidades legalmente establecidas.<\/p>\n\n<p>Es a la Organizaci\u00f3n a quien corresponde el ejercicio exclusivo de los derechos de explotaci\u00f3n de los mismos en cualquier forma y, en especial, los derechos de reproducci\u00f3n, distribuci\u00f3n, comunicaci\u00f3n p\u00fablica y transformaci\u00f3n.<\/p>\n\n<p>\u00danicamente se autoriza la visualizaci\u00f3n, impresi\u00f3n y descarga parcial del contenido de la web si concurre alguna de las siguientes condiciones:<\/p>\n\n<ul class=\"wp-block-list\">\n<li>Que sea compatible con los fines de la web y exista una autorizaci\u00f3n previa por parte de la Organizaci\u00f3n.<\/li>\n\n\n\n<li>Que se realice con el exclusivo \u00e1nimo de obtener la informaci\u00f3n contenida para uso personal y privado. Se proh\u00edbe expresamente su utilizaci\u00f3n con fines comerciales o para su distribuci\u00f3n, comunicaci\u00f3n p\u00fablica, transformaci\u00f3n o descompilaci\u00f3n, salvo que medie autorizaci\u00f3n previa.<\/li>\n\n\n\n<li>Que ninguno de los contenidos relacionados en la web sea modificado de manera alguna.<\/li>\n\n\n\n<li>Que ning\u00fan gr\u00e1fico, icono o imagen disponible en la Web sea utilizado, copiado o distribuido separadamente del resto de im\u00e1genes que lo acompa\u00f1an.<\/li>\n<\/ul>\n\n<p>Respecto a las citas de productos y servicios de terceros, la Organizaci\u00f3n reconoce a favor de sus titulares los correspondientes derechos de propiedad industrial e intelectual, no implicando su sola menci\u00f3n o aparici\u00f3n en la web la existencia de derechos o responsabilidad alguna sobre los mismos.<\/p>\n\n<p>Las personas o empresas que remitan cualquier tipo de informaci\u00f3n o contenido a la Organizaci\u00f3n se comprometen a que la misma sea veraz y no vulnere o infrinja cualquier derecho de tercero, ni sea contraria a la ley y el orden p\u00fablico.<\/p>\n\n<p>Si usted cree que cualquier contenido y\/o informaci\u00f3n de esta web vulnera un derecho leg\u00edtimo o la normativa vigente no dude en contactar con nosotros a la direcci\u00f3n postal indicada.<\/p>\n\n<p><strong>Enlaces<\/strong><\/p>\n\n<p>Para enlazar la p\u00e1gina de la Organizaci\u00f3n ser\u00e1 necesaria la autorizaci\u00f3n expresa y por escrito de los titulares del portal. Todo enlace de terceros a la web debe serlo a su p\u00e1gina principal, quedando expresamente prohibidos los \u201clinks profundos\u201d, el \u201cframing\u201d y cualquier otro aprovechamiento de los contenidos de la misma, a favor de terceros no autorizados.<\/p>\n\n<p>La Organizaci\u00f3n no se hace responsable de los enlaces externos contenidos en este Sitio Web, los cuales conducen a sitios gestionados por terceros. El uso de enlaces externos tampoco implica que la Organizaci\u00f3n recomiende o aprueba los contenidos de las p\u00e1ginas de destino, ni garantiza la ausencia de virus u otros elementos en los mismos que puedan producir alteraciones en el sistema inform\u00e1tico (hardware y software), en los documentos o los ficheros del usuario, excluyendo cualquier responsabilidad por los da\u00f1os de cualquier clase causados al usuario por este motivo.<\/p>\n\n<p><strong>Responsabilidad<\/strong><\/p>\n\n<p>La Organizaci\u00f3n no se hace responsable de los da\u00f1os ocasionados en los sistemas inform\u00e1ticos de los usuarios por causas ajenas a su voluntad o atribuibles a la conducta negligente del usuario, ni de aquellos que sean producidos por la existencia de virus inform\u00e1ticos en Internet sobre los que la Organizaci\u00f3n no tenga capacidad de control. La Organizaci\u00f3n tampoco se hace responsable de las dificultades t\u00e9cnicas que puedan encontrar los usuarios de este sitio web, cuando la causa no es imputable a la Organizaci\u00f3n, ni de los da\u00f1os y perjuicios que esto pudiera ocasionar.<\/p>\n\n<p>En el caso en que se produzcan alguna de las situaciones anteriores, el usuario podr\u00e1 ponerse en contacto con la Organizaci\u00f3n<strong>,<\/strong>\u00a0a trav\u00e9s de la direcci\u00f3n habilitada a tal efecto, de tal manera que pueda tener conocimiento del problema y resolverlo lo m\u00e1s diligentemente posible.<\/p>\n\n<p>En el caso de que cualquier usuario considerara que el contenido de la web o los servicios prestados por las p\u00e1ginas enlazadas son il\u00edcitos o lesionan bienes o derechos del propio usuario o de un tercero susceptibles de indemnizaci\u00f3n, y, en particular, consistan en:<\/p>\n\n<ul class=\"wp-block-list\">\n<li>Actividades o contenidos susceptibles de ser considerados delictivos conforme a la normativa penal espa\u00f1ola.<\/li>\n\n\n\n<li>Actividades o contenidos que violen derechos de propiedad intelectual o industrial.<\/li>\n\n\n\n<li>Actividades o contenidos que pongan en peligro el orden p\u00fablico, la investigaci\u00f3n penal, la seguridad p\u00fablica y la defensa nacional.<\/li>\n\n\n\n<li>Actividades o contenidos que pongan en peligro la protecci\u00f3n de la salud p\u00fablica, el respeto a la dignidad de la persona y al principio de no discriminaci\u00f3n, y la protecci\u00f3n de la salud y la infancia.<\/li>\n<\/ul>\n\n<p>No dudes en contactar con nosotros en la direcci\u00f3n indicada, de tal manera quela Organizaci\u00f3n pueda revisar esos contenidos con la mayor diligencia, actuando en consonancia con los mismos.<\/p>\n\n<p>El usuario responder\u00e1 y estar\u00e1 obligado a indemnizar a la Organizaci\u00f3n por cualquier da\u00f1o o perjuicio que pudiera derivarse de la utilizaci\u00f3n y\/o consulta del presente sitio web que se haya producido infringiendo las condiciones generales o la normativa vigente.<\/p>\n\n<p><strong>Jurisdicci\u00f3n<\/strong><\/p>\n\n<p>La Organizaci\u00f3n y el usuario, con renuncia expresa a cualquier otro fuero, se someten al de los juzgados y tribunales del domicilio del usuario para cualquier controversia que pudiera derivarse del acceso, o uso de la web. En el caso de que el usuario tenga su domicilio fuera de Espa\u00f1a, la Organizaci\u00f3n y el usuario se someten, con renuncia expresa a cualquier otro fuero, a los juzgados y tribunales de esta Comunidad Aut\u00f3noma.<\/p>\n","protected":false},"excerpt":{"rendered":"<p>El presente sitio web es propiedad de FeSMC UGT. En virtud del cumplimiento del Art. 10 de la Ley 34\/2002, de Servicios de la Sociedad de la Informaci\u00f3n, le informamos que los datos identificativos del titular de la p\u00e1gina son: El acceso a este sitio web supone la aceptaci\u00f3n expresa del usuario a las presentes &#8230; <a title=\"Aviso legal\" class=\"read-more\" href=\"https:\/\/fesmcugt.online\/ca\/aviso-legal\/\" aria-label=\"M\u00e9s informaci\u00f3 sobre Aviso legal\">Llegiu m\u00e9s<\/a><\/p>\n","protected":false},"author":1,"featured_media":0,"parent":0,"menu_order":0,"comment_status":"closed","ping_status":"closed","template":"","meta":{"_acf_changed":false,"_seopress_robots_primary_cat":"","_seopress_titles_title":"","_seopress_titles_desc":"","_seopress_robots_index":"","_editorskit_title_hidden":false,"_editorskit_reading_time":5,"_editorskit_is_block_options_detached":false,"_editorskit_block_options_position":"{}","_coblocks_attr":"","_coblocks_dimensions":"","_coblocks_responsive_height":"","_coblocks_accordion_ie_support":"","_uag_custom_page_level_css":"","footnotes":""},"class_list":["post-7348","page","type-page","status-publish"],"acf":[],"featured_image_src":null,"featured_image_src_square":null,"uagb_featured_image_src":{"full":false,"thumbnail":false,"medium":false,"medium_large":false,"large":false,"1536x1536":false,"2048x2048":false,"gb-block-post-grid-landscape":false,"gb-block-post-grid-square":false},"uagb_author_info":{"display_name":"fcaballero","author_link":"https:\/\/fesmcugt.online\/ca\/author\/fcaballero\/"},"uagb_comment_info":0,"uagb_excerpt":"El presente sitio web es propiedad de FeSMC UGT. En virtud del cumplimiento del Art. 10 de la Ley 34\/2002, de Servicios de la Sociedad de la Informaci\u00f3n, le informamos que los datos identificativos del titular de la p\u00e1gina son: El acceso a este sitio web supone la aceptaci\u00f3n expresa del usuario a las presentes&hellip;","_links":{"self":[{"href":"https:\/\/fesmcugt.online\/ca\/wp-json\/wp\/v2\/pages\/7348","targetHints":{"allow":["GET"]}}],"collection":[{"href":"https:\/\/fesmcugt.online\/ca\/wp-json\/wp\/v2\/pages"}],"about":[{"href":"https:\/\/fesmcugt.online\/ca\/wp-json\/wp\/v2\/types\/page"}],"author":[{"embeddable":true,"href":"https:\/\/fesmcugt.online\/ca\/wp-json\/wp\/v2\/users\/1"}],"replies":[{"embeddable":true,"href":"https:\/\/fesmcugt.online\/ca\/wp-json\/wp\/v2\/comments?post=7348"}],"version-history":[{"count":2,"href":"https:\/\/fesmcugt.online\/ca\/wp-json\/wp\/v2\/pages\/7348\/revisions"}],"predecessor-version":[{"id":7350,"href":"https:\/\/fesmcugt.online\/ca\/wp-json\/wp\/v2\/pages\/7348\/revisions\/7350"}],"wp:attachment":[{"href":"https:\/\/fesmcugt.online\/ca\/wp-json\/wp\/v2\/media?parent=7348"}],"curies":[{"name":"wp","href":"https:\/\/api.w.org\/{rel}","templated":true}]}}