{"id":65,"date":"2018-10-16T10:13:12","date_gmt":"2018-10-16T09:13:12","guid":{"rendered":"http:\/\/fesmcugt.online\/index.php\/participacion\/"},"modified":"2020-05-22T19:43:19","modified_gmt":"2020-05-22T17:43:19","slug":"participacion","status":"publish","type":"page","link":"https:\/\/fesmcugt.online\/ca\/participacion\/","title":{"rendered":"participacion"},"content":{"rendered":"<p>[et_pb_section bb_built=&#8221;1&#8243;][et_pb_row][et_pb_column type=&#8221;4_4&#8243;][et_pb_text _builder_version=&#8221;3.15&#8243; text_orientation=&#8221;center&#8221;]<\/p>\n<h2><strong>LOTER\u00cdA DE NAVIDAD 2018<\/strong><\/h2>\n<p>[\/et_pb_text][\/et_pb_column][\/et_pb_row][et_pb_row][et_pb_column type=&#8221;4_4&#8243;][et_pb_text _builder_version=&#8221;3.15&#8243;]<\/p>\n<p>Gracias por realizar tu reserva con nosotros. El cargo de tu solicitud se realizar\u00e1 durante el mes de Diciembre.<\/p>\n<p>Puedes imprimir o descargarte la imagen de la participaci\u00f3n como resguardo.<\/p>\n<p>Las peticiones s\u00f3lo ser\u00e1n v\u00e1lidas una vez realizado el cargo en cuenta que has indicado.<\/p>\n<p>[\/et_pb_text][et_pb_image _builder_version=&#8221;3.15&#8243; src=&#8221;http:\/\/fesmcugt.online\/wp-content\/uploads\/2018\/10\/decimo-loteria-2018-65967-190-20-5.jpg&#8221; align=&#8221;center&#8221; \/][et_pb_text _builder_version=&#8221;3.15&#8243;]<\/p>\n<p><em>Los premios obtenidos se abonar\u00e1n en la misma cuenta en la que se adeude el importe solicitado de loter\u00eda, aplicando las retenciones legales que correspondan en funci\u00f3n del premio obtenido.<\/em><\/p>\n<p>[\/et_pb_text][\/et_pb_column][\/et_pb_row][\/et_pb_section]<\/p>\n","protected":false},"excerpt":{"rendered":"<p>[et_pb_section bb_built=&#8221;1&#8243;][et_pb_row][et_pb_column type=&#8221;4_4&#8243;][et_pb_text _builder_version=&#8221;3.15&#8243; text_orientation=&#8221;center&#8221;] LOTER\u00cdA DE NAVIDAD 2018 [\/et_pb_text][\/et_pb_column][\/et_pb_row][et_pb_row][et_pb_column type=&#8221;4_4&#8243;][et_pb_text _builder_version=&#8221;3.15&#8243;] Gracias por realizar tu reserva con nosotros. El cargo de tu solicitud se realizar\u00e1 durante el mes de Diciembre. Puedes imprimir o descargarte la imagen de la participaci\u00f3n como resguardo. Las peticiones s\u00f3lo ser\u00e1n v\u00e1lidas una vez realizado el cargo en cuenta que &#8230; <a title=\"participacion\" class=\"read-more\" href=\"https:\/\/fesmcugt.online\/ca\/participacion\/\" aria-label=\"M\u00e9s informaci\u00f3 sobre participacion\">Llegiu m\u00e9s<\/a><\/p>\n","protected":false},"author":1,"featured_media":0,"parent":0,"menu_order":0,"comment_status":"closed","ping_status":"closed","template":"","meta":{"_acf_changed":false,"_seopress_robots_primary_cat":"","_seopress_titles_title":"","_seopress_titles_desc":"","_seopress_robots_index":"","_editorskit_title_hidden":false,"_editorskit_reading_time":0,"_editorskit_is_block_options_detached":false,"_editorskit_block_options_position":"{}","_coblocks_attr":"","_coblocks_dimensions":"","_coblocks_responsive_height":"","_coblocks_accordion_ie_support":"","_uag_custom_page_level_css":"","footnotes":""},"class_list":["post-65","page","type-page","status-publish"],"acf":[],"featured_image_src":null,"featured_image_src_square":null,"uagb_featured_image_src":{"full":false,"thumbnail":false,"medium":false,"medium_large":false,"large":false,"1536x1536":false,"2048x2048":false,"gb-block-post-grid-landscape":false,"gb-block-post-grid-square":false},"uagb_author_info":{"display_name":"fcaballero","author_link":"https:\/\/fesmcugt.online\/ca\/author\/fcaballero\/"},"uagb_comment_info":0,"uagb_excerpt":"[et_pb_section bb_built=&#8221;1&#8243;][et_pb_row][et_pb_column type=&#8221;4_4&#8243;][et_pb_text _builder_version=&#8221;3.15&#8243; text_orientation=&#8221;center&#8221;] LOTER\u00cdA DE NAVIDAD 2018 [\/et_pb_text][\/et_pb_column][\/et_pb_row][et_pb_row][et_pb_column type=&#8221;4_4&#8243;][et_pb_text _builder_version=&#8221;3.15&#8243;] Gracias por realizar tu reserva con nosotros. El cargo de tu solicitud se realizar\u00e1 durante el mes de Diciembre. Puedes imprimir o descargarte la imagen de la participaci\u00f3n como resguardo. Las peticiones s\u00f3lo ser\u00e1n v\u00e1lidas una vez realizado el cargo en cuenta que&hellip;","_links":{"self":[{"href":"https:\/\/fesmcugt.online\/ca\/wp-json\/wp\/v2\/pages\/65","targetHints":{"allow":["GET"]}}],"collection":[{"href":"https:\/\/fesmcugt.online\/ca\/wp-json\/wp\/v2\/pages"}],"about":[{"href":"https:\/\/fesmcugt.online\/ca\/wp-json\/wp\/v2\/types\/page"}],"author":[{"embeddable":true,"href":"https:\/\/fesmcugt.online\/ca\/wp-json\/wp\/v2\/users\/1"}],"replies":[{"embeddable":true,"href":"https:\/\/fesmcugt.online\/ca\/wp-json\/wp\/v2\/comments?post=65"}],"version-history":[{"count":4,"href":"https:\/\/fesmcugt.online\/ca\/wp-json\/wp\/v2\/pages\/65\/revisions"}],"predecessor-version":[{"id":85,"href":"https:\/\/fesmcugt.online\/ca\/wp-json\/wp\/v2\/pages\/65\/revisions\/85"}],"wp:attachment":[{"href":"https:\/\/fesmcugt.online\/ca\/wp-json\/wp\/v2\/media?parent=65"}],"curies":[{"name":"wp","href":"https:\/\/api.w.org\/{rel}","templated":true}]}}