{"id":4877,"date":"2021-04-08T11:10:29","date_gmt":"2021-04-08T09:10:29","guid":{"rendered":"http:\/\/fesmcugt.online\/?page_id=4877"},"modified":"2022-10-24T12:09:20","modified_gmt":"2022-10-24T10:09:20","slug":"renda-2020","status":"publish","type":"page","link":"https:\/\/fesmcugt.online\/ca\/renda-2020\/","title":{"rendered":"Renda 2021"},"content":{"rendered":"\t\t<div data-elementor-type=\"wp-page\" data-elementor-id=\"4877\" class=\"elementor elementor-4877 elementor-4876\" data-elementor-post-type=\"page\">\n\t\t\t\t\t\t<section class=\"elementor-section elementor-top-section elementor-element elementor-element-d0d70d9 elementor-section-full_width elementor-section-height-default elementor-section-height-default\" data-id=\"d0d70d9\" data-element_type=\"section\" data-e-type=\"section\">\n\t\t\t\t\t\t<div class=\"elementor-container elementor-column-gap-default\">\n\t\t\t\t\t<div class=\"elementor-column elementor-col-66 elementor-top-column elementor-element elementor-element-7832d55\" data-id=\"7832d55\" data-element_type=\"column\" data-e-type=\"column\">\n\t\t\t<div class=\"elementor-widget-wrap elementor-element-populated\">\n\t\t\t\t\t\t<div class=\"elementor-element elementor-element-3cc2360 elementor-widget elementor-widget-image\" data-id=\"3cc2360\" data-element_type=\"widget\" data-e-type=\"widget\" data-widget_type=\"image.default\">\n\t\t\t\t<div class=\"elementor-widget-container\">\n\t\t\t\t\t\t\t\t\t\t\t\t\t\t\t<img fetchpriority=\"high\" decoding=\"async\" width=\"429\" height=\"231\" src=\"https:\/\/fesmcugt.online\/wp-content\/uploads\/2021\/04\/renda_2020_420x231.jpg\" class=\"attachment-large size-large wp-image-4907\" alt=\"Renda 2020\" srcset=\"https:\/\/fesmcugt.online\/wp-content\/uploads\/2021\/04\/renda_2020_420x231.jpg 429w, https:\/\/fesmcugt.online\/wp-content\/uploads\/2021\/04\/renda_2020_420x231-300x162.jpg 300w\" sizes=\"(max-width: 429px) 100vw, 429px\" \/>\t\t\t\t\t\t\t\t\t\t\t\t\t\t\t<\/div>\n\t\t\t\t<\/div>\n\t\t\t\t<div class=\"elementor-element elementor-element-8a098c0 elementor-widget elementor-widget-heading\" data-id=\"8a098c0\" data-element_type=\"widget\" data-e-type=\"widget\" data-widget_type=\"heading.default\">\n\t\t\t\t<div class=\"elementor-widget-container\">\n\t\t\t\t\t<h2 class=\"elementor-heading-title elementor-size-default\">RENDA 2020<\/h2>\t\t\t\t<\/div>\n\t\t\t\t<\/div>\n\t\t\t\t<div class=\"elementor-element elementor-element-9024a4e elementor-widget elementor-widget-text-editor\" data-id=\"9024a4e\" data-element_type=\"widget\" data-e-type=\"widget\" data-widget_type=\"text-editor.default\">\n\t\t\t\t<div class=\"elementor-widget-container\">\n\t\t\t\t\t\t\t\t\t<h3><strong>Et recordem que la quota sindical \u00e9s desgravable a la declaraci\u00f3 de la renda.<\/strong><\/h3><p>El termini per presentar la declaraci\u00f3 de la renda de l\u2019exercici 2019 es troba obert\u00a0<b>des de l\u20191 d\u2019abril fins al 30 de juny de 2020<\/b>.<\/p><p>En l\u2019esborrany de la declaraci\u00f3 elaborat per Hisenda no s\u2019inclou la desgravaci\u00f3 per la quantitat cotitzada a organitzacions sindicals, que pot suposar un estalvi en la quota anual sindical d\u2019entre un 20-35% segons els casos. La casella on s\u2019ha d\u2019incloure l\u2019import \u00e9s la seg\u00fcent:<\/p><p>[Casilla 14] \u00a0 &gt; \u00a0 [Rendiments del treball]\u00a0\u00a0 &gt;\u00a0\u00a0\u00a0<strong>[Quotes satisfetes a sindicats]<\/strong><\/p><p><img decoding=\"async\" class=\"aligncenter size-full wp-image-9113 disappear mom_appear\" src=\"https:\/\/www.ugtbancosantander.es\/wp-content\/uploads\/2020\/04\/casilla14.jpg\" sizes=\"(max-width: 600px) 100vw, 600px\" srcset=\"https:\/\/www.ugtbancosantander.es\/wp-content\/uploads\/2020\/04\/casilla14.jpg 600w, https:\/\/www.ugtbancosantander.es\/wp-content\/uploads\/2020\/04\/casilla14-300x227.jpg 300w\" alt=\"\" width=\"600\" height=\"453\" \/><\/p><h2 style=\"text-align: center;\"><span style=\"color: #ff0000;\"><strong>QUOTA SINDICAL A DESGRAVAR: 161,40 EUROS<\/strong><\/span><\/h2><p><b>No \u00e9s necessari disposar del certificat de quotes pagades <\/b>en el moment de fer la declaraci\u00f3, n\u2019hi ha prou amb indicar la quantitat meritada al sindicat en l\u2019any 2020.<\/p><p style=\"text-align: center;\"><strong>V\u00eddeo Ayuda \u2013 Quotes a Sindicats<\/strong><\/p><center><iframe id=\"_dytid_8302\" title=\"YouTube video player\" src=\"https:\/\/www.youtube.com\/embed\/nb1TWzwlaQw\" width=\"560\" height=\"315\" frameborder=\"0\" allowfullscreen=\"allowfullscreen\" data-mce-fragment=\"1\"><\/iframe><\/center><center><\/center><center><\/center><center><strong>V\u00eddeo Ayuda \u2013 Coneix el Portal Renda<\/strong><\/center><p><iframe id=\"_dytid_9169\" title=\"YouTube video player\" src=\"https:\/\/www.youtube.com\/embed\/X56ugzuxE6Q\" width=\"560\" height=\"315\" frameborder=\"0\" allowfullscreen=\"allowfullscreen\" data-mce-fragment=\"1\"><\/iframe><\/p>\t\t\t\t\t\t\t\t<\/div>\n\t\t\t\t<\/div>\n\t\t\t\t<div class=\"elementor-element elementor-element-efa9e96 elementor-widget elementor-widget-spacer\" data-id=\"efa9e96\" data-element_type=\"widget\" data-e-type=\"widget\" data-widget_type=\"spacer.default\">\n\t\t\t\t<div class=\"elementor-widget-container\">\n\t\t\t\t\t\t\t<div class=\"elementor-spacer\">\n\t\t\t<div class=\"elementor-spacer-inner\"><\/div>\n\t\t<\/div>\n\t\t\t\t\t\t<\/div>\n\t\t\t\t<\/div>\n\t\t\t\t\t<\/div>\n\t\t<\/div>\n\t\t\t\t<div class=\"elementor-column elementor-col-33 elementor-top-column elementor-element elementor-element-583605e\" data-id=\"583605e\" data-element_type=\"column\" data-e-type=\"column\">\n\t\t\t<div class=\"elementor-widget-wrap elementor-element-populated\">\n\t\t\t\t\t\t<div class=\"elementor-element elementor-element-1481339 elementor-widget elementor-widget-heading\" data-id=\"1481339\" data-element_type=\"widget\" data-e-type=\"widget\" data-widget_type=\"heading.default\">\n\t\t\t\t<div class=\"elementor-widget-container\">\n\t\t\t\t\t<h3 class=\"elementor-heading-title elementor-size-default\">Af\u00edlia't a UGT<\/h3>\t\t\t\t<\/div>\n\t\t\t\t<\/div>\n\t\t\t\t<div class=\"elementor-element elementor-element-b9d70b6 elementor-widget elementor-widget-image\" data-id=\"b9d70b6\" data-element_type=\"widget\" data-e-type=\"widget\" data-widget_type=\"image.default\">\n\t\t\t\t<div class=\"elementor-widget-container\">\n\t\t\t\t\t\t\t\t\t\t\t\t\t\t\t\t<a href=\"https:\/\/fesmcugt.online\/ca\/afiliacio\/\">\n\t\t\t\t\t\t\t<img decoding=\"async\" width=\"500\" height=\"302\" src=\"https:\/\/fesmcugt.online\/wp-content\/uploads\/2020\/05\/afiliate-ugt-2020-500px.jpg\" class=\"attachment-large size-large wp-image-1920\" alt=\"Af\u00edliate a UGT\" srcset=\"https:\/\/fesmcugt.online\/wp-content\/uploads\/2020\/05\/afiliate-ugt-2020-500px.jpg 500w, https:\/\/fesmcugt.online\/wp-content\/uploads\/2020\/05\/afiliate-ugt-2020-500px-300x181.jpg 300w\" sizes=\"(max-width: 500px) 100vw, 500px\" \/>\t\t\t\t\t\t\t\t<\/a>\n\t\t\t\t\t\t\t\t\t\t\t\t\t\t\t<\/div>\n\t\t\t\t<\/div>\n\t\t\t\t<div class=\"elementor-element elementor-element-0217448 elementor-widget elementor-widget-spacer\" data-id=\"0217448\" data-element_type=\"widget\" data-e-type=\"widget\" data-widget_type=\"spacer.default\">\n\t\t\t\t<div class=\"elementor-widget-container\">\n\t\t\t\t\t\t\t<div class=\"elementor-spacer\">\n\t\t\t<div class=\"elementor-spacer-inner\"><\/div>\n\t\t<\/div>\n\t\t\t\t\t\t<\/div>\n\t\t\t\t<\/div>\n\t\t\t\t<div class=\"elementor-element elementor-element-9225aeb elementor-widget elementor-widget-heading\" data-id=\"9225aeb\" data-element_type=\"widget\" data-e-type=\"widget\" data-widget_type=\"heading.default\">\n\t\t\t\t<div class=\"elementor-widget-container\">\n\t\t\t\t\t<h3 class=\"elementor-heading-title elementor-size-default\">SERdUGT<\/h3>\t\t\t\t<\/div>\n\t\t\t\t<\/div>\n\t\t\t\t<div class=\"elementor-element elementor-element-0038af4 elementor-widget elementor-widget-global elementor-global-2701 elementor-widget-image\" data-id=\"0038af4\" data-element_type=\"widget\" data-e-type=\"widget\" data-widget_type=\"image.default\">\n\t\t\t\t<div class=\"elementor-widget-container\">\n\t\t\t\t\t\t\t\t\t\t\t\t\t\t\t\t<a href=\"https:\/\/ventajas.atlantis-seguros.es\/ugt\/\" target=\"_blank\">\n\t\t\t\t\t\t\t<img loading=\"lazy\" decoding=\"async\" width=\"200\" height=\"84\" src=\"https:\/\/fesmcugt.online\/wp-content\/uploads\/2020\/09\/atlantis.jpg\" class=\"attachment-large size-large wp-image-2700\" alt=\"Seguros Atlantis\" \/>\t\t\t\t\t\t\t\t<\/a>\n\t\t\t\t\t\t\t\t\t\t\t\t\t\t\t<\/div>\n\t\t\t\t<\/div>\n\t\t\t\t<div class=\"elementor-element elementor-element-7ef2a79 elementor-widget elementor-widget-spacer\" data-id=\"7ef2a79\" data-element_type=\"widget\" data-e-type=\"widget\" data-widget_type=\"spacer.default\">\n\t\t\t\t<div class=\"elementor-widget-container\">\n\t\t\t\t\t\t\t<div class=\"elementor-spacer\">\n\t\t\t<div class=\"elementor-spacer-inner\"><\/div>\n\t\t<\/div>\n\t\t\t\t\t\t<\/div>\n\t\t\t\t<\/div>\n\t\t\t\t<div class=\"elementor-element elementor-element-1c086a8 elementor-widget elementor-widget-heading\" data-id=\"1c086a8\" data-element_type=\"widget\" data-e-type=\"widget\" data-widget_type=\"heading.default\">\n\t\t\t\t<div class=\"elementor-widget-container\">\n\t\t\t\t\t<h3 class=\"elementor-heading-title elementor-size-default\">SERdUGT<\/h3>\t\t\t\t<\/div>\n\t\t\t\t<\/div>\n\t\t\t\t<div class=\"elementor-element elementor-element-99735fe elementor-widget elementor-widget-image\" data-id=\"99735fe\" data-element_type=\"widget\" data-e-type=\"widget\" data-widget_type=\"image.default\">\n\t\t\t\t<div class=\"elementor-widget-container\">\n\t\t\t\t\t\t\t\t\t\t\t\t\t\t\t\t<a href=\"https:\/\/www.ugt.es\/que-es-serdugt\" target=\"_blank\">\n\t\t\t\t\t\t\t<img loading=\"lazy\" decoding=\"async\" width=\"351\" height=\"346\" src=\"https:\/\/fesmcugt.online\/wp-content\/uploads\/2020\/05\/serdugt.jpg\" class=\"attachment-large size-large wp-image-2021\" alt=\"SERdUGT\" srcset=\"https:\/\/fesmcugt.online\/wp-content\/uploads\/2020\/05\/serdugt.jpg 351w, https:\/\/fesmcugt.online\/wp-content\/uploads\/2020\/05\/serdugt-300x296.jpg 300w\" sizes=\"(max-width: 351px) 100vw, 351px\" \/>\t\t\t\t\t\t\t\t<\/a>\n\t\t\t\t\t\t\t\t\t\t\t\t\t\t\t<\/div>\n\t\t\t\t<\/div>\n\t\t\t\t<div class=\"elementor-element elementor-element-70cadab elementor-widget elementor-widget-spacer\" data-id=\"70cadab\" data-element_type=\"widget\" data-e-type=\"widget\" data-widget_type=\"spacer.default\">\n\t\t\t\t<div class=\"elementor-widget-container\">\n\t\t\t\t\t\t\t<div class=\"elementor-spacer\">\n\t\t\t<div class=\"elementor-spacer-inner\"><\/div>\n\t\t<\/div>\n\t\t\t\t\t\t<\/div>\n\t\t\t\t<\/div>\n\t\t\t\t<div class=\"elementor-element elementor-element-2dd3e2d elementor-widget elementor-widget-heading\" data-id=\"2dd3e2d\" data-element_type=\"widget\" data-e-type=\"widget\" data-widget_type=\"heading.default\">\n\t\t\t\t<div class=\"elementor-widget-container\">\n\t\t\t\t\t<h3 class=\"elementor-heading-title elementor-size-default\">Calendari Laboral 2022<\/h3>\t\t\t\t<\/div>\n\t\t\t\t<\/div>\n\t\t\t\t<div class=\"elementor-element elementor-element-782e87e elementor-widget elementor-widget-image\" data-id=\"782e87e\" data-element_type=\"widget\" data-e-type=\"widget\" data-widget_type=\"image.default\">\n\t\t\t\t<div class=\"elementor-widget-container\">\n\t\t\t\t\t\t\t\t\t\t\t\t\t\t\t\t<a href=\"https:\/\/web.gencat.cat\/ca\/actualitat\/reportatges\/calendarilaboral\/calendari-laboral-2022\" target=\"_blank\">\n\t\t\t\t\t\t\t<img loading=\"lazy\" decoding=\"async\" width=\"400\" height=\"225\" src=\"https:\/\/fesmcugt.online\/wp-content\/uploads\/2022\/01\/calendari-2022.jpg\" class=\"attachment-large size-large wp-image-5605\" alt=\"calendario laboral\" srcset=\"https:\/\/fesmcugt.online\/wp-content\/uploads\/2022\/01\/calendari-2022.jpg 400w, https:\/\/fesmcugt.online\/wp-content\/uploads\/2022\/01\/calendari-2022-300x169.jpg 300w\" sizes=\"(max-width: 400px) 100vw, 400px\" \/>\t\t\t\t\t\t\t\t<\/a>\n\t\t\t\t\t\t\t\t\t\t\t\t\t\t\t<\/div>\n\t\t\t\t<\/div>\n\t\t\t\t\t<\/div>\n\t\t<\/div>\n\t\t\t\t\t<\/div>\n\t\t<\/section>\n\t\t\t\t<\/div>\n\t\t","protected":false},"excerpt":{"rendered":"<p>RENDA 2020 Et recordem que la quota sindical \u00e9s desgravable a la declaraci\u00f3 de la renda. El termini per presentar la declaraci\u00f3 de la renda de l\u2019exercici 2019 es troba obert&nbsp;des de l\u20191 d\u2019abril fins al 30 de juny de 2020. En l\u2019esborrany de la declaraci\u00f3 elaborat per Hisenda no s\u2019inclou la desgravaci\u00f3 per la &#8230; <a title=\"Renda 2021\" class=\"read-more\" href=\"https:\/\/fesmcugt.online\/ca\/renda-2020\/\" aria-label=\"M\u00e9s informaci\u00f3 sobre Renda 2021\">Llegiu m\u00e9s<\/a><\/p>\n","protected":false},"author":1,"featured_media":0,"parent":0,"menu_order":0,"comment_status":"closed","ping_status":"closed","template":"","meta":{"_acf_changed":false,"_seopress_robots_primary_cat":"","_seopress_titles_title":"","_seopress_titles_desc":"","_seopress_robots_index":"","_editorskit_title_hidden":true,"_editorskit_reading_time":1,"_editorskit_is_block_options_detached":false,"_editorskit_block_options_position":"{}","_coblocks_attr":"","_coblocks_dimensions":"","_coblocks_responsive_height":"","_coblocks_accordion_ie_support":"","_uag_custom_page_level_css":"","footnotes":""},"class_list":["post-4877","page","type-page","status-publish"],"acf":[],"featured_image_src":null,"featured_image_src_square":null,"uagb_featured_image_src":{"full":false,"thumbnail":false,"medium":false,"medium_large":false,"large":false,"1536x1536":false,"2048x2048":false,"gb-block-post-grid-landscape":false,"gb-block-post-grid-square":false},"uagb_author_info":{"display_name":"fcaballero","author_link":"https:\/\/fesmcugt.online\/ca\/author\/fcaballero\/"},"uagb_comment_info":0,"uagb_excerpt":"RENDA 2020 Et recordem que la quota sindical \u00e9s desgravable a la declaraci\u00f3 de la renda. El termini per presentar la declaraci\u00f3 de la renda de l\u2019exercici 2019 es troba obert&nbsp;des de l\u20191 d\u2019abril fins al 30 de juny de 2020. En l\u2019esborrany de la declaraci\u00f3 elaborat per Hisenda no s\u2019inclou la desgravaci\u00f3 per la&hellip;","_links":{"self":[{"href":"https:\/\/fesmcugt.online\/ca\/wp-json\/wp\/v2\/pages\/4877","targetHints":{"allow":["GET"]}}],"collection":[{"href":"https:\/\/fesmcugt.online\/ca\/wp-json\/wp\/v2\/pages"}],"about":[{"href":"https:\/\/fesmcugt.online\/ca\/wp-json\/wp\/v2\/types\/page"}],"author":[{"embeddable":true,"href":"https:\/\/fesmcugt.online\/ca\/wp-json\/wp\/v2\/users\/1"}],"replies":[{"embeddable":true,"href":"https:\/\/fesmcugt.online\/ca\/wp-json\/wp\/v2\/comments?post=4877"}],"version-history":[{"count":19,"href":"https:\/\/fesmcugt.online\/ca\/wp-json\/wp\/v2\/pages\/4877\/revisions"}],"predecessor-version":[{"id":6195,"href":"https:\/\/fesmcugt.online\/ca\/wp-json\/wp\/v2\/pages\/4877\/revisions\/6195"}],"wp:attachment":[{"href":"https:\/\/fesmcugt.online\/ca\/wp-json\/wp\/v2\/media?parent=4877"}],"curies":[{"name":"wp","href":"https:\/\/api.w.org\/{rel}","templated":true}]}}