{"id":2832,"date":"2020-09-24T19:58:34","date_gmt":"2020-09-24T17:58:34","guid":{"rendered":"http:\/\/fesmcugt.online\/loteria2020\/"},"modified":"2020-12-05T20:22:01","modified_gmt":"2020-12-05T19:22:01","slug":"loteria2020","status":"publish","type":"page","link":"https:\/\/fesmcugt.online\/ca\/loteria2020\/","title":{"rendered":"Loteria 2020"},"content":{"rendered":"\n<h2 class=\"has-text-align-center has-huge-font-size wp-block-heading\"><p><strong>LOTERIA DE NADAL 2020<\/strong><\/p><\/h2>\n\n\n\n<div class=\"wp-block-media-text alignwide is-stacked-on-mobile\"><figure class=\"wp-block-media-text__media\"><img fetchpriority=\"high\" decoding=\"async\" width=\"530\" height=\"320\" src=\"http:\/\/fesmcugt.online\/wp-content\/uploads\/2020\/11\/decimo-loteria-2020-17612-70-7-20.jpg\" alt=\"LOTERIA 2020\" class=\"wp-image-2888 size-full\" srcset=\"https:\/\/fesmcugt.online\/wp-content\/uploads\/2020\/11\/decimo-loteria-2020-17612-70-7-20.jpg 530w, https:\/\/fesmcugt.online\/wp-content\/uploads\/2020\/11\/decimo-loteria-2020-17612-70-7-20-300x181.jpg 300w\" sizes=\"(max-width: 530px) 100vw, 530px\" \/><\/figure><div class=\"wp-block-media-text__content\">\n<p class=\"editorskit-no-desktop editorskit-no-tablet editorskit-no-mobile\">Juga amb nosaltres en el sorteig de la Loteria de Nadal del 22 de desembre.<\/p>\n\n\n\n<p>Et comuniquem que ha finalitzat el per\u00edode de sol\u00b7licitud de la nostra loteria per internet.<\/p>\n\n\n\n<p>Gr\u00e0cies per la teva atenci\u00f3 i confian\u00e7a en el nostre sindicat.<\/p>\n<\/div><\/div>\n","protected":false},"excerpt":{"rendered":"<p>LOTERIA DE NADAL 2020 Juga amb nosaltres en el sorteig de la Loteria de Nadal del 22 de desembre. Et comuniquem que ha finalitzat el per\u00edode de sol\u00b7licitud de la nostra loteria per internet. Gr\u00e0cies per la teva atenci\u00f3 i confian\u00e7a en el nostre sindicat.<\/p>\n","protected":false},"author":1,"featured_media":0,"parent":0,"menu_order":0,"comment_status":"closed","ping_status":"closed","template":"","meta":{"_acf_changed":false,"_seopress_robots_primary_cat":"","_seopress_titles_title":"","_seopress_titles_desc":"","_seopress_robots_index":"","_editorskit_title_hidden":true,"_editorskit_reading_time":1,"_editorskit_is_block_options_detached":false,"_editorskit_block_options_position":"{}","_coblocks_attr":"","_coblocks_dimensions":"","_coblocks_responsive_height":"","_coblocks_accordion_ie_support":"","_uag_custom_page_level_css":"","footnotes":""},"class_list":["post-2832","page","type-page","status-publish"],"acf":[],"featured_image_src":null,"featured_image_src_square":null,"uagb_featured_image_src":{"full":false,"thumbnail":false,"medium":false,"medium_large":false,"large":false,"1536x1536":false,"2048x2048":false,"gb-block-post-grid-landscape":false,"gb-block-post-grid-square":false},"uagb_author_info":{"display_name":"fcaballero","author_link":"https:\/\/fesmcugt.online\/ca\/author\/fcaballero\/"},"uagb_comment_info":0,"uagb_excerpt":"LOTERIA DE NADAL 2020 Juga amb nosaltres en el sorteig de la Loteria de Nadal del 22 de desembre. Et comuniquem que ha finalitzat el per\u00edode de sol\u00b7licitud de la nostra loteria per internet. Gr\u00e0cies per la teva atenci\u00f3 i confian\u00e7a en el nostre sindicat.","_links":{"self":[{"href":"https:\/\/fesmcugt.online\/ca\/wp-json\/wp\/v2\/pages\/2832","targetHints":{"allow":["GET"]}}],"collection":[{"href":"https:\/\/fesmcugt.online\/ca\/wp-json\/wp\/v2\/pages"}],"about":[{"href":"https:\/\/fesmcugt.online\/ca\/wp-json\/wp\/v2\/types\/page"}],"author":[{"embeddable":true,"href":"https:\/\/fesmcugt.online\/ca\/wp-json\/wp\/v2\/users\/1"}],"replies":[{"embeddable":true,"href":"https:\/\/fesmcugt.online\/ca\/wp-json\/wp\/v2\/comments?post=2832"}],"version-history":[{"count":5,"href":"https:\/\/fesmcugt.online\/ca\/wp-json\/wp\/v2\/pages\/2832\/revisions"}],"predecessor-version":[{"id":4454,"href":"https:\/\/fesmcugt.online\/ca\/wp-json\/wp\/v2\/pages\/2832\/revisions\/4454"}],"wp:attachment":[{"href":"https:\/\/fesmcugt.online\/ca\/wp-json\/wp\/v2\/media?parent=2832"}],"curies":[{"name":"wp","href":"https:\/\/api.w.org\/{rel}","templated":true}]}}