{"id":2492,"date":"2020-06-11T16:20:07","date_gmt":"2020-06-11T14:20:07","guid":{"rendered":"http:\/\/fesmcugt.online\/?page_id=2492"},"modified":"2026-04-15T12:44:37","modified_gmt":"2026-04-15T10:44:37","slug":"afiliacio","status":"publish","type":"page","link":"https:\/\/fesmcugt.online\/ca\/afiliacio\/","title":{"rendered":"Afiliaci\u00f3"},"content":{"rendered":"\t\t<div data-elementor-type=\"wp-page\" data-elementor-id=\"2492\" class=\"elementor elementor-2492 elementor-2491\" data-elementor-post-type=\"page\">\n\t\t\t\t\t\t<section class=\"elementor-section elementor-top-section elementor-element elementor-element-d0d70d9 elementor-section-full_width elementor-section-height-default elementor-section-height-default\" data-id=\"d0d70d9\" data-element_type=\"section\" data-e-type=\"section\">\n\t\t\t\t\t\t<div class=\"elementor-container elementor-column-gap-default\">\n\t\t\t\t\t<div class=\"elementor-column elementor-col-66 elementor-top-column elementor-element elementor-element-7832d55\" data-id=\"7832d55\" data-element_type=\"column\" data-e-type=\"column\">\n\t\t\t<div class=\"elementor-widget-wrap elementor-element-populated\">\n\t\t\t\t\t\t<div class=\"elementor-element elementor-element-7c4f185 elementor-widget elementor-widget-image\" data-id=\"7c4f185\" data-element_type=\"widget\" data-e-type=\"widget\" data-widget_type=\"image.default\">\n\t\t\t\t<div class=\"elementor-widget-container\">\n\t\t\t\t\t\t\t\t\t\t\t\t\t\t\t<img fetchpriority=\"high\" decoding=\"async\" width=\"800\" height=\"291\" src=\"https:\/\/fesmcugt.online\/wp-content\/uploads\/2020\/05\/afiliacion.jpg\" class=\"attachment-large size-large wp-image-1990\" alt=\"Afilia&#039;t a la UGT\" srcset=\"https:\/\/fesmcugt.online\/wp-content\/uploads\/2020\/05\/afiliacion.jpg 800w, https:\/\/fesmcugt.online\/wp-content\/uploads\/2020\/05\/afiliacion-300x109.jpg 300w, https:\/\/fesmcugt.online\/wp-content\/uploads\/2020\/05\/afiliacion-768x279.jpg 768w\" sizes=\"(max-width: 800px) 100vw, 800px\" \/>\t\t\t\t\t\t\t\t\t\t\t\t\t\t\t<\/div>\n\t\t\t\t<\/div>\n\t\t\t\t<div class=\"elementor-element elementor-element-09f1f0f elementor-widget elementor-widget-heading\" data-id=\"09f1f0f\" data-element_type=\"widget\" data-e-type=\"widget\" data-widget_type=\"heading.default\">\n\t\t\t\t<div class=\"elementor-widget-container\">\n\t\t\t\t\t<h2 class=\"elementor-heading-title elementor-size-default\">Quins avantatges suposa afiliar-se a la UGT?<\/h2>\t\t\t\t<\/div>\n\t\t\t\t<\/div>\n\t\t\t\t<div class=\"elementor-element elementor-element-2c3910a elementor-widget elementor-widget-text-editor\" data-id=\"2c3910a\" data-element_type=\"widget\" data-e-type=\"widget\" data-widget_type=\"text-editor.default\">\n\t\t\t\t<div class=\"elementor-widget-container\">\n\t\t\t\t\t\t\t\t\t<p>Els avantatges d&#8217;estar afiliat\/da a un sindicat organitzat i estructurat, com la UGT, s\u00f3n nombroses:<\/p><ul><li>Informaci\u00f3 i assessorament permanent.<\/li><li>Gabinets Jur\u00eddics Especialitzats (advocats\/des laboralistes, etc.).<\/li><li>Contractaci\u00f3, salaris, vacances, n\u00f2mines, jornades, convenis col\u00b7lectius, liquidacions, jubilacions, pensions, Seguretat Social, acomiadaments, etc.<\/li><li>Expedients de regulaci\u00f3.<\/li><li>Protecci\u00f3 per desocupaci\u00f3.<\/li><li>Prevenci\u00f3 de riscos laborals.<\/li><li>Formaci\u00f3 cont\u00ednua adaptada als llocs de treball.<\/li><li>Formaci\u00f3 sindical espec\u00edfica als delegats\/des de personal, membres de comit\u00e8s i delegats\/des de Salut Laboral.<\/li><\/ul><p><strong>Altres serveis<\/strong><\/p><ul><li>Vacances, viatges i hotels.<\/li><li>Campaments infantils d&#8217;estiu.<\/li><li>Oci: resid\u00e8ncies, temps lliure.<\/li><li>Establiments concertats.<\/li><li>Segur d&#8217;accidents en cas de mort, a partir d&#8217;un any d&#8217;afiliaci\u00f3 ininterrompuda a la UGT.<\/li><\/ul><div><strong>Recorda: La quota sindical \u00e9s desgravable a la Declaraci\u00f3 de la Renda<\/strong><\/div>\t\t\t\t\t\t\t\t<\/div>\n\t\t\t\t<\/div>\n\t\t\t\t<div class=\"elementor-element elementor-element-c9e60e0 elementor-widget elementor-widget-text-editor\" data-id=\"c9e60e0\" data-element_type=\"widget\" data-e-type=\"widget\" data-widget_type=\"text-editor.default\">\n\t\t\t\t<div class=\"elementor-widget-container\">\n\t\t\t\t\t\t\t\t\t<p>Estimat\/da company\/a:<\/p><p>Abans de res, gr\u00e0cies per confiar en la UGT. Per poder afiliar-te pots descarregar el <a href=\"https:\/\/fesmcugt.online\/wp-content\/uploads\/2020\/05\/ficha_de_afiliacion_27092018.pdf\" target=\"_blank\" rel=\"noopener\">full d&#8217;afiliaci\u00f3<\/a> i la<a href=\"https:\/\/fesmcugt.online\/wp-content\/uploads\/2020\/05\/2018_05-CLAUSULA-NUEVOS-AFILIADOS.pdf\" target=\"_blank\" rel=\"noopener\"> Pol\u00edtica de Protecci\u00f3 de dades<\/a>, omplir-los i enviar-los per valisa a 30048\/30149 o per correu a l&#8217;atenci\u00f3 de la Secci\u00f3 Sindical Estatal UGT BBVA, Carrer Cal\u00e0bria, 168, 08015 Barcelona. Tamb\u00e9 pots enviar-nos un correu electr\u00f2nic a <a href=\"mailto:bbva@fesmcugt.org\">bbva@fesmcugt.org<\/a>, o b\u00e9, pots omplir el seg\u00fcent formulari i ens posarem en contacte amb tu:<\/p>\t\t\t\t\t\t\t\t<\/div>\n\t\t\t\t<\/div>\n\t\t\t\t<div class=\"elementor-element elementor-element-17b7966 elementor-button-align-stretch elementor-widget elementor-widget-form\" data-id=\"17b7966\" data-element_type=\"widget\" data-e-type=\"widget\" data-settings=\"{&quot;step_next_label&quot;:&quot;Next&quot;,&quot;step_previous_label&quot;:&quot;Previous&quot;,&quot;button_width&quot;:&quot;100&quot;,&quot;step_type&quot;:&quot;number_text&quot;,&quot;step_icon_shape&quot;:&quot;circle&quot;}\" data-widget_type=\"form.default\">\n\t\t\t\t<div class=\"elementor-widget-container\">\n\t\t\t\t\t\t\t<form class=\"elementor-form\" method=\"post\" name=\"Formulario de afiliaci\u00f3n\" aria-label=\"Formulario de afiliaci\u00f3n\">\n\t\t\t<input type=\"hidden\" name=\"post_id\" value=\"2492\"\/>\n\t\t\t<input type=\"hidden\" name=\"form_id\" value=\"17b7966\"\/>\n\t\t\t<input type=\"hidden\" name=\"referer_title\" value=\"Afiliaci\u00f3\" \/>\n\n\t\t\t\t\t\t\t<input type=\"hidden\" name=\"queried_id\" value=\"2492\"\/>\n\t\t\t\n\t\t\t<div class=\"elementor-form-fields-wrapper elementor-labels-above\">\n\t\t\t\t\t\t\t\t<div class=\"elementor-field-type-text elementor-field-group elementor-column elementor-field-group-Nombre elementor-col-100 elementor-field-required elementor-mark-required\">\n\t\t\t\t\t\t\t\t\t\t\t\t\t<input size=\"1\" type=\"text\" name=\"form_fields[Nombre]\" id=\"form-field-Nombre\" class=\"elementor-field elementor-size-sm  elementor-field-textual\" placeholder=\"Nom i Cognoms\" required=\"required\">\n\t\t\t\t\t\t\t\t\t\t\t<\/div>\n\t\t\t\t\t\t\t\t<div class=\"elementor-field-type-email elementor-field-group elementor-column elementor-field-group-email elementor-col-50 elementor-field-required elementor-mark-required\">\n\t\t\t\t\t\t\t\t\t\t\t\t\t<input size=\"1\" type=\"email\" name=\"form_fields[email]\" id=\"form-field-email\" class=\"elementor-field elementor-size-sm  elementor-field-textual\" placeholder=\"Adre\u00e7a de correu electr\u00f2nic\" required=\"required\">\n\t\t\t\t\t\t\t\t\t\t\t<\/div>\n\t\t\t\t\t\t\t\t<div class=\"elementor-field-type-text elementor-field-group elementor-column elementor-field-group-telefono elementor-col-25\">\n\t\t\t\t\t\t\t\t\t\t\t\t\t<input size=\"1\" type=\"text\" name=\"form_fields[telefono]\" id=\"form-field-telefono\" class=\"elementor-field elementor-size-sm  elementor-field-textual\" placeholder=\"Tel\u00e8fon de contacte\">\n\t\t\t\t\t\t\t\t\t\t\t<\/div>\n\t\t\t\t\t\t\t\t<div class=\"elementor-field-type-text elementor-field-group elementor-column elementor-field-group-oficina elementor-col-25 elementor-field-required elementor-mark-required\">\n\t\t\t\t\t\t\t\t\t\t\t\t\t<input size=\"1\" type=\"text\" name=\"form_fields[oficina]\" id=\"form-field-oficina\" class=\"elementor-field elementor-size-sm  elementor-field-textual\" placeholder=\"Clau del centre de treball\" required=\"required\">\n\t\t\t\t\t\t\t\t\t\t\t<\/div>\n\t\t\t\t\t\t\t\t<div class=\"elementor-field-type-textarea elementor-field-group elementor-column elementor-field-group-mensaje elementor-col-100\">\n\t\t\t\t\t<textarea class=\"elementor-field-textual elementor-field  elementor-size-sm\" name=\"form_fields[mensaje]\" id=\"form-field-mensaje\" rows=\"4\" placeholder=\"Missatge\"><\/textarea>\t\t\t\t<\/div>\n\t\t\t\t\t\t\t\t<div class=\"elementor-field-type-acceptance elementor-field-group elementor-column elementor-field-group-field_c38a97b elementor-col-100 elementor-field-required elementor-mark-required\">\n\t\t\t\t\t\t\t<div class=\"elementor-field-subgroup\">\n\t\t\t<span class=\"elementor-field-option\">\n\t\t\t\t<input type=\"checkbox\" name=\"form_fields[field_c38a97b]\" id=\"form-field-field_c38a97b\" class=\"elementor-field elementor-size-sm  elementor-acceptance-field\" required=\"required\">\n\t\t\t\t<label for=\"form-field-field_c38a97b\">Accepto la <a href=\"https:\/\/fesmcugt.online\/politica-de-privacidad\/\">Pol\u00edtica de Privacitat<\/a><\/label>\t\t\t<\/span>\n\t\t<\/div>\n\t\t\t\t\t\t<\/div>\n\t\t\t\t\t\t\t\t<div class=\"elementor-field-group elementor-column elementor-field-type-submit elementor-col-100 e-form__buttons\">\n\t\t\t\t\t<button class=\"elementor-button elementor-size-sm\" type=\"submit\">\n\t\t\t\t\t\t<span class=\"elementor-button-content-wrapper\">\n\t\t\t\t\t\t\t\t\t\t\t\t\t\t\t\t\t\t\t\t\t\t<span class=\"elementor-button-text\">Enviar<\/span>\n\t\t\t\t\t\t\t\t\t\t\t\t\t<\/span>\n\t\t\t\t\t<\/button>\n\t\t\t\t<\/div>\n\t\t\t<\/div>\n\t\t<\/form>\n\t\t\t\t\t\t<\/div>\n\t\t\t\t<\/div>\n\t\t\t\t<div class=\"elementor-element elementor-element-ded0dc2 elementor-widget elementor-widget-spacer\" data-id=\"ded0dc2\" data-element_type=\"widget\" data-e-type=\"widget\" data-widget_type=\"spacer.default\">\n\t\t\t\t<div class=\"elementor-widget-container\">\n\t\t\t\t\t\t\t<div class=\"elementor-spacer\">\n\t\t\t<div class=\"elementor-spacer-inner\"><\/div>\n\t\t<\/div>\n\t\t\t\t\t\t<\/div>\n\t\t\t\t<\/div>\n\t\t\t\t\t<\/div>\n\t\t<\/div>\n\t\t\t\t<div class=\"elementor-column elementor-col-33 elementor-top-column elementor-element elementor-element-583605e\" data-id=\"583605e\" data-element_type=\"column\" data-e-type=\"column\">\n\t\t\t<div class=\"elementor-widget-wrap elementor-element-populated\">\n\t\t\t\t\t\t<div data-premium-element-link=\"{&quot;type&quot;:&quot;url&quot;,&quot;link&quot;:{&quot;url&quot;:&quot;https:\\\/\\\/fesmcugt.online\\\/tardes-libranza-ca.html&quot;,&quot;is_external&quot;:&quot;on&quot;,&quot;nofollow&quot;:&quot;&quot;,&quot;custom_attributes&quot;:&quot;&quot;},&quot;href&quot;:&quot;https:\\\/\\\/fesmcugt.online\\\/tardes-libranza-ca.html&quot;}\" style=\"cursor: pointer\" class=\"elementor-element elementor-element-4fcb864 premium-wrapper-link-yes elementor-widget elementor-widget-heading\" data-id=\"4fcb864\" data-element_type=\"widget\" data-e-type=\"widget\" data-widget_type=\"heading.default\">\n\t\t\t\t<div class=\"elementor-widget-container\">\n\t\t\t\t\t<h3 class=\"elementor-heading-title elementor-size-default\">C\u00e0lcul lliuran\u00e7a tardes Z. Contigo<\/h3>\t\t\t\t<\/div>\n\t\t\t\t<\/div>\n\t\t\t\t<div class=\"elementor-element elementor-element-7676ad9 elementor-widget elementor-widget-image\" data-id=\"7676ad9\" data-element_type=\"widget\" data-e-type=\"widget\" data-widget_type=\"image.default\">\n\t\t\t\t<div class=\"elementor-widget-container\">\n\t\t\t\t\t\t\t\t\t\t\t\t\t\t\t\t<a href=\"https:\/\/fesmcugt.online\/tardes-libranza-ca.html\" target=\"_blank\">\n\t\t\t\t\t\t\t<img decoding=\"async\" width=\"550\" height=\"550\" src=\"https:\/\/fesmcugt.online\/wp-content\/uploads\/2026\/02\/operadors-550x550-2.jpg\" class=\"attachment-large size-large wp-image-7758\" alt=\"\" srcset=\"https:\/\/fesmcugt.online\/wp-content\/uploads\/2026\/02\/operadors-550x550-2.jpg 550w, https:\/\/fesmcugt.online\/wp-content\/uploads\/2026\/02\/operadors-550x550-2-300x300.jpg 300w, https:\/\/fesmcugt.online\/wp-content\/uploads\/2026\/02\/operadors-550x550-2-150x150.jpg 150w\" sizes=\"(max-width: 550px) 100vw, 550px\" \/>\t\t\t\t\t\t\t\t<\/a>\n\t\t\t\t\t\t\t\t\t\t\t\t\t\t\t<\/div>\n\t\t\t\t<\/div>\n\t\t\t\t<div class=\"elementor-element elementor-element-0217448 elementor-widget elementor-widget-spacer\" data-id=\"0217448\" data-element_type=\"widget\" data-e-type=\"widget\" data-widget_type=\"spacer.default\">\n\t\t\t\t<div class=\"elementor-widget-container\">\n\t\t\t\t\t\t\t<div class=\"elementor-spacer\">\n\t\t\t<div class=\"elementor-spacer-inner\"><\/div>\n\t\t<\/div>\n\t\t\t\t\t\t<\/div>\n\t\t\t\t<\/div>\n\t\t\t\t<div class=\"elementor-element elementor-element-f737fd9 elementor-widget elementor-widget-heading\" data-id=\"f737fd9\" data-element_type=\"widget\" data-e-type=\"widget\" data-widget_type=\"heading.default\">\n\t\t\t\t<div class=\"elementor-widget-container\">\n\t\t\t\t\t<h3 class=\"elementor-heading-title elementor-size-default\">Af\u00edlia't a la UGT<\/h3>\t\t\t\t<\/div>\n\t\t\t\t<\/div>\n\t\t\t\t<div class=\"elementor-element elementor-element-b9d70b6 elementor-widget elementor-widget-image\" data-id=\"b9d70b6\" data-element_type=\"widget\" data-e-type=\"widget\" data-widget_type=\"image.default\">\n\t\t\t\t<div class=\"elementor-widget-container\">\n\t\t\t\t\t\t\t\t\t\t\t\t\t\t\t\t<a href=\"https:\/\/fesmcugt.online\/ca\/afiliacio\/\">\n\t\t\t\t\t\t\t<img decoding=\"async\" width=\"500\" height=\"302\" src=\"https:\/\/fesmcugt.online\/wp-content\/uploads\/2020\/05\/afiliate-ugt-2020-500px.jpg\" class=\"attachment-large size-large wp-image-1920\" alt=\"Af\u00edliate a UGT\" srcset=\"https:\/\/fesmcugt.online\/wp-content\/uploads\/2020\/05\/afiliate-ugt-2020-500px.jpg 500w, https:\/\/fesmcugt.online\/wp-content\/uploads\/2020\/05\/afiliate-ugt-2020-500px-300x181.jpg 300w\" sizes=\"(max-width: 500px) 100vw, 500px\" \/>\t\t\t\t\t\t\t\t<\/a>\n\t\t\t\t\t\t\t\t\t\t\t\t\t\t\t<\/div>\n\t\t\t\t<\/div>\n\t\t\t\t<div class=\"elementor-element elementor-element-6aa5d6f elementor-widget elementor-widget-spacer\" data-id=\"6aa5d6f\" data-element_type=\"widget\" data-e-type=\"widget\" data-widget_type=\"spacer.default\">\n\t\t\t\t<div class=\"elementor-widget-container\">\n\t\t\t\t\t\t\t<div class=\"elementor-spacer\">\n\t\t\t<div class=\"elementor-spacer-inner\"><\/div>\n\t\t<\/div>\n\t\t\t\t\t\t<\/div>\n\t\t\t\t<\/div>\n\t\t\t\t<div class=\"elementor-element elementor-element-279f433 elementor-widget elementor-widget-heading\" data-id=\"279f433\" data-element_type=\"widget\" data-e-type=\"widget\" data-widget_type=\"heading.default\">\n\t\t\t\t<div class=\"elementor-widget-container\">\n\t\t\t\t\t<h3 class=\"elementor-heading-title elementor-size-default\"><a href=\"https:\/\/www.ugt.cat\/afiliat\/#quotes\">SERdUGT<\/a><\/h3>\t\t\t\t<\/div>\n\t\t\t\t<\/div>\n\t\t\t\t<div class=\"elementor-element elementor-element-163abc9 elementor-widget elementor-widget-image\" data-id=\"163abc9\" data-element_type=\"widget\" data-e-type=\"widget\" data-widget_type=\"image.default\">\n\t\t\t\t<div class=\"elementor-widget-container\">\n\t\t\t\t\t\t\t\t\t\t\t\t\t\t\t\t<a href=\"https:\/\/www.ugt.cat\/afiliat\/#quotes\" target=\"_blank\">\n\t\t\t\t\t\t\t<img loading=\"lazy\" decoding=\"async\" width=\"351\" height=\"346\" src=\"https:\/\/fesmcugt.online\/wp-content\/uploads\/2020\/05\/serdugt.jpg\" class=\"attachment-large size-large wp-image-2021\" alt=\"SERdUGT\" srcset=\"https:\/\/fesmcugt.online\/wp-content\/uploads\/2020\/05\/serdugt.jpg 351w, https:\/\/fesmcugt.online\/wp-content\/uploads\/2020\/05\/serdugt-300x296.jpg 300w\" sizes=\"(max-width: 351px) 100vw, 351px\" \/>\t\t\t\t\t\t\t\t<\/a>\n\t\t\t\t\t\t\t\t\t\t\t\t\t\t\t<\/div>\n\t\t\t\t<\/div>\n\t\t\t\t<div class=\"elementor-element elementor-element-6e32a69 elementor-widget elementor-widget-spacer\" data-id=\"6e32a69\" data-element_type=\"widget\" data-e-type=\"widget\" data-widget_type=\"spacer.default\">\n\t\t\t\t<div class=\"elementor-widget-container\">\n\t\t\t\t\t\t\t<div class=\"elementor-spacer\">\n\t\t\t<div class=\"elementor-spacer-inner\"><\/div>\n\t\t<\/div>\n\t\t\t\t\t\t<\/div>\n\t\t\t\t<\/div>\n\t\t\t\t<div data-premium-element-link=\"{&quot;type&quot;:&quot;url&quot;,&quot;link&quot;:{&quot;url&quot;:&quot;https:\\\/\\\/treball.gencat.cat\\\/ca\\\/ambits\\\/relacions_laborals\\\/ci\\\/calendari_laboral\\\/calendari-festes-2026&quot;,&quot;is_external&quot;:&quot;on&quot;,&quot;nofollow&quot;:&quot;&quot;,&quot;custom_attributes&quot;:&quot;&quot;},&quot;href&quot;:&quot;https:\\\/\\\/treball.gencat.cat\\\/ca\\\/ambits\\\/relacions_laborals\\\/ci\\\/calendari_laboral\\\/calendari-festes-2026&quot;}\" style=\"cursor: pointer\" class=\"elementor-element elementor-element-1c086a8 premium-wrapper-link-yes elementor-widget elementor-widget-heading\" data-id=\"1c086a8\" data-element_type=\"widget\" data-e-type=\"widget\" data-widget_type=\"heading.default\">\n\t\t\t\t<div class=\"elementor-widget-container\">\n\t\t\t\t\t<h3 class=\"elementor-heading-title elementor-size-default\">Calendari Laboral<\/h3>\t\t\t\t<\/div>\n\t\t\t\t<\/div>\n\t\t\t\t<div class=\"elementor-element elementor-element-e4b08e6 elementor-widget elementor-widget-image\" data-id=\"e4b08e6\" data-element_type=\"widget\" data-e-type=\"widget\" data-widget_type=\"image.default\">\n\t\t\t\t<div class=\"elementor-widget-container\">\n\t\t\t\t\t\t\t\t\t\t\t\t\t\t\t\t<a href=\"https:\/\/treball.gencat.cat\/ca\/ambits\/relacions_laborals\/ci\/calendari_laboral\/calendari-festes-2026\" target=\"_blank\">\n\t\t\t\t\t\t\t<img loading=\"lazy\" decoding=\"async\" width=\"400\" height=\"225\" src=\"https:\/\/fesmcugt.online\/wp-content\/uploads\/2022\/01\/calendari-2022.jpg\" class=\"attachment-large size-large wp-image-5605\" alt=\"calendario laboral\" srcset=\"https:\/\/fesmcugt.online\/wp-content\/uploads\/2022\/01\/calendari-2022.jpg 400w, https:\/\/fesmcugt.online\/wp-content\/uploads\/2022\/01\/calendari-2022-300x169.jpg 300w\" sizes=\"(max-width: 400px) 100vw, 400px\" \/>\t\t\t\t\t\t\t\t<\/a>\n\t\t\t\t\t\t\t\t\t\t\t\t\t\t\t<\/div>\n\t\t\t\t<\/div>\n\t\t\t\t\t<\/div>\n\t\t<\/div>\n\t\t\t\t\t<\/div>\n\t\t<\/section>\n\t\t\t\t<\/div>\n\t\t","protected":false},"excerpt":{"rendered":"<p>Quins avantatges suposa afiliar-se a la UGT? Els avantatges d&#8217;estar afiliat\/da a un sindicat organitzat i estructurat, com la UGT, s\u00f3n nombroses: Informaci\u00f3 i assessorament permanent. Gabinets Jur\u00eddics Especialitzats (advocats\/des laboralistes, etc.). Contractaci\u00f3, salaris, vacances, n\u00f2mines, jornades, convenis col\u00b7lectius, liquidacions, jubilacions, pensions, Seguretat Social, acomiadaments, etc. Expedients de regulaci\u00f3. Protecci\u00f3 per desocupaci\u00f3. Prevenci\u00f3 de riscos &#8230; <a title=\"Afiliaci\u00f3\" class=\"read-more\" href=\"https:\/\/fesmcugt.online\/ca\/afiliacio\/\" aria-label=\"M\u00e9s informaci\u00f3 sobre Afiliaci\u00f3\">Llegiu m\u00e9s<\/a><\/p>\n","protected":false},"author":1,"featured_media":0,"parent":0,"menu_order":0,"comment_status":"closed","ping_status":"closed","template":"","meta":{"_acf_changed":false,"_seopress_robots_primary_cat":"","_seopress_titles_title":"","_seopress_titles_desc":"","_seopress_robots_index":"","_editorskit_title_hidden":true,"_editorskit_reading_time":1,"_editorskit_is_block_options_detached":false,"_editorskit_block_options_position":"{}","_coblocks_attr":"","_coblocks_dimensions":"","_coblocks_responsive_height":"","_coblocks_accordion_ie_support":"","_uag_custom_page_level_css":"","footnotes":""},"class_list":["post-2492","page","type-page","status-publish"],"acf":[],"featured_image_src":null,"featured_image_src_square":null,"uagb_featured_image_src":{"full":false,"thumbnail":false,"medium":false,"medium_large":false,"large":false,"1536x1536":false,"2048x2048":false,"gb-block-post-grid-landscape":false,"gb-block-post-grid-square":false},"uagb_author_info":{"display_name":"fcaballero","author_link":"https:\/\/fesmcugt.online\/ca\/author\/fcaballero\/"},"uagb_comment_info":0,"uagb_excerpt":"Quins avantatges suposa afiliar-se a la UGT? Els avantatges d&#8217;estar afiliat\/da a un sindicat organitzat i estructurat, com la UGT, s\u00f3n nombroses: Informaci\u00f3 i assessorament permanent. Gabinets Jur\u00eddics Especialitzats (advocats\/des laboralistes, etc.). Contractaci\u00f3, salaris, vacances, n\u00f2mines, jornades, convenis col\u00b7lectius, liquidacions, jubilacions, pensions, Seguretat Social, acomiadaments, etc. Expedients de regulaci\u00f3. Protecci\u00f3 per desocupaci\u00f3. Prevenci\u00f3 de riscos&hellip;","_links":{"self":[{"href":"https:\/\/fesmcugt.online\/ca\/wp-json\/wp\/v2\/pages\/2492","targetHints":{"allow":["GET"]}}],"collection":[{"href":"https:\/\/fesmcugt.online\/ca\/wp-json\/wp\/v2\/pages"}],"about":[{"href":"https:\/\/fesmcugt.online\/ca\/wp-json\/wp\/v2\/types\/page"}],"author":[{"embeddable":true,"href":"https:\/\/fesmcugt.online\/ca\/wp-json\/wp\/v2\/users\/1"}],"replies":[{"embeddable":true,"href":"https:\/\/fesmcugt.online\/ca\/wp-json\/wp\/v2\/comments?post=2492"}],"version-history":[{"count":49,"href":"https:\/\/fesmcugt.online\/ca\/wp-json\/wp\/v2\/pages\/2492\/revisions"}],"predecessor-version":[{"id":8032,"href":"https:\/\/fesmcugt.online\/ca\/wp-json\/wp\/v2\/pages\/2492\/revisions\/8032"}],"wp:attachment":[{"href":"https:\/\/fesmcugt.online\/ca\/wp-json\/wp\/v2\/media?parent=2492"}],"curies":[{"name":"wp","href":"https:\/\/api.w.org\/{rel}","templated":true}]}}