{"id":2046,"date":"2020-05-28T23:41:54","date_gmt":"2020-05-28T21:41:54","guid":{"rendered":"http:\/\/fesmcugt.online\/?page_id=2046"},"modified":"2021-01-18T11:18:33","modified_gmt":"2021-01-18T10:18:33","slug":"renda-2019","status":"publish","type":"page","link":"https:\/\/fesmcugt.online\/ca\/renda-2019\/","title":{"rendered":"Renda 2019"},"content":{"rendered":"\t\t<div data-elementor-type=\"wp-page\" data-elementor-id=\"2046\" class=\"elementor elementor-2046\" data-elementor-post-type=\"page\">\n\t\t\t\t\t\t<section class=\"elementor-section elementor-top-section elementor-element elementor-element-d0d70d9 elementor-section-full_width elementor-section-height-default elementor-section-height-default\" data-id=\"d0d70d9\" data-element_type=\"section\" data-e-type=\"section\">\n\t\t\t\t\t\t<div class=\"elementor-container elementor-column-gap-default\">\n\t\t\t\t\t<div class=\"elementor-column elementor-col-66 elementor-top-column elementor-element elementor-element-7832d55\" data-id=\"7832d55\" data-element_type=\"column\" data-e-type=\"column\">\n\t\t\t<div class=\"elementor-widget-wrap elementor-element-populated\">\n\t\t\t\t\t\t<div class=\"elementor-element elementor-element-3cc2360 elementor-widget elementor-widget-image\" data-id=\"3cc2360\" data-element_type=\"widget\" data-e-type=\"widget\" data-widget_type=\"image.default\">\n\t\t\t\t<div class=\"elementor-widget-container\">\n\t\t\t\t\t\t\t\t\t\t\t\t\t\t\t<img fetchpriority=\"high\" decoding=\"async\" width=\"488\" height=\"114\" src=\"https:\/\/fesmcugt.online\/wp-content\/uploads\/2020\/06\/renda-2019.jpg\" class=\"attachment-large size-large wp-image-2425\" alt=\"Renda 2019\" srcset=\"https:\/\/fesmcugt.online\/wp-content\/uploads\/2020\/06\/renda-2019.jpg 488w, https:\/\/fesmcugt.online\/wp-content\/uploads\/2020\/06\/renda-2019-300x70.jpg 300w\" sizes=\"(max-width: 488px) 100vw, 488px\" \/>\t\t\t\t\t\t\t\t\t\t\t\t\t\t\t<\/div>\n\t\t\t\t<\/div>\n\t\t\t\t<div class=\"elementor-element elementor-element-8a098c0 elementor-widget elementor-widget-heading\" data-id=\"8a098c0\" data-element_type=\"widget\" data-e-type=\"widget\" data-widget_type=\"heading.default\">\n\t\t\t\t<div class=\"elementor-widget-container\">\n\t\t\t\t\t<h2 class=\"elementor-heading-title elementor-size-default\">RENDA 2019<\/h2>\t\t\t\t<\/div>\n\t\t\t\t<\/div>\n\t\t\t\t<div class=\"elementor-element elementor-element-9024a4e elementor-widget elementor-widget-text-editor\" data-id=\"9024a4e\" data-element_type=\"widget\" data-e-type=\"widget\" data-widget_type=\"text-editor.default\">\n\t\t\t\t<div class=\"elementor-widget-container\">\n\t\t\t\t\t\t\t\t\t<h3 style=\"font-size: 1.17em; font-family: 'Open Sans'; margin-bottom: 7px; -webkit-font-smoothing: antialiased; color: black; font-style: normal;\">Et recordem que la quota sindical \u00e9s desgravable a la declaraci\u00f3 de la renda.<\/h3><p style=\"margin-bottom: 20px; line-height: 20px;\"><span style=\"color: #333333;\"><span style=\"font-size: 14px;\">El termini per presentar la declaraci\u00f3 de la renda de l&#8217;exercici 2019 es troba obert <b>des de l&#8217;1 d&#8217;abril fins al 30 de juny de 2020<\/b>.<\/span><\/span><\/p><p style=\"margin-bottom: 20px; line-height: 20px;\"><span style=\"font-size: 14px; color: #333333;\">En l&#8217;esborrany de la declaraci\u00f3 elaborat per Hisenda no s&#8217;inclou la desgravaci\u00f3 per la quantitat cotitzada a organitzacions sindicals, que pot suposar un estalvi en la quota anual sindical d&#8217;entre un 20-35% segons els casos. La casella on s&#8217;ha d&#8217;incloure l&#8217;import \u00e9s la seg\u00fcent:<\/span><\/p><p style=\"margin-bottom: 20px; font-size: 14px; line-height: 20px; color: #333333; text-align: center;\">[Casilla 14] \u00a0 &gt; \u00a0 [Rendiments del treball]\u00a0\u00a0 &gt;\u00a0\u00a0\u00a0<span style=\"font-weight: 700 !important;\">[Quotes satisfetes a sindicats]<\/span><\/p><p style=\"margin-bottom: 20px; font-size: 14px; line-height: 20px; color: #333333;\"><img decoding=\"async\" class=\"aligncenter\" style=\"border-width: 0px; border-style: initial; vertical-align: middle; margin-top: auto; margin-bottom: 15px; float: none; opacity: 1; transition: all 0.4s ease-in-out 0s;\" src=\"https:\/\/i2.wp.com\/www.ugtbancosantander.es\/wp-content\/uploads\/2020\/04\/casilla14.jpg?resize=600%2C453&amp;ssl=1\" sizes=\"(max-width: 600px) 100vw, 600px\" srcset=\"https:\/\/i2.wp.com\/www.ugtbancosantander.es\/wp-content\/uploads\/2020\/04\/casilla14.jpg?w=600&amp;ssl=1 600w, https:\/\/i2.wp.com\/www.ugtbancosantander.es\/wp-content\/uploads\/2020\/04\/casilla14.jpg?resize=300%2C227&amp;ssl=1 300w\" alt=\"\" width=\"543\" height=\"410\" \/><\/p><h2 style=\"font-size: 1.5em; font-family: 'Open Sans'; margin-bottom: 10px; -webkit-font-smoothing: antialiased; color: black; font-style: normal; text-align: center;\"><span style=\"color: #cb0031;\"><span style=\"font-weight: 700 !important;\">QUOTA SINDICAL A DESGRAVAR: 158,40 EUROS<\/span><\/span><\/h2><p style=\"margin-bottom: 20px; line-height: 20px;\"><span style=\"color: #333333;\"><span style=\"font-size: 14px;\"><b>No \u00e9s necessari disposar d&#8217;el certificat de quotes pagades <\/b>en el moment de fer la declaraci\u00f3, n&#8217;hi ha prou amb indicar la quantitat meritada a l&#8217;sindicat en l&#8217;any 2019.<\/span><\/span><\/p><p style=\"margin-bottom: 20px; font-size: 14px; line-height: 20px; color: #333333; text-align: center;\">V\u00eddeo Ayuda \u2013 Quotes a Sindicats<\/p><center style=\"color: #333333; font-size: 14px;\"><iframe style=\"border-width: 0px; display: block; outline: none medium;\" src=\"https:\/\/www.youtube.com\/embed\/Kvn7KWBwaGI\" width=\"560\" height=\"315\" frameborder=\"0\" allowfullscreen=\"allowfullscreen\"><\/iframe><\/center><p style=\"margin-bottom: 20px; font-size: 14px; line-height: 20px; color: #333333; text-align: center;\">V\u00eddeo Ajuda \u2013 Coneix el Portal Renda<\/p><p style=\"margin-bottom: 20px; font-size: 14px; line-height: 20px; color: #333333;\"><iframe style=\"border-width: 0px; display: block; outline: none medium;\" src=\"https:\/\/www.youtube.com\/embed\/0PWs0QxkEJA\" width=\"560\" height=\"315\" frameborder=\"0\" allowfullscreen=\"allowfullscreen\"><\/iframe><\/p>\t\t\t\t\t\t\t\t<\/div>\n\t\t\t\t<\/div>\n\t\t\t\t<div class=\"elementor-element elementor-element-efa9e96 elementor-widget elementor-widget-spacer\" data-id=\"efa9e96\" data-element_type=\"widget\" data-e-type=\"widget\" data-widget_type=\"spacer.default\">\n\t\t\t\t<div class=\"elementor-widget-container\">\n\t\t\t\t\t\t\t<div class=\"elementor-spacer\">\n\t\t\t<div class=\"elementor-spacer-inner\"><\/div>\n\t\t<\/div>\n\t\t\t\t\t\t<\/div>\n\t\t\t\t<\/div>\n\t\t\t\t\t<\/div>\n\t\t<\/div>\n\t\t\t\t<div class=\"elementor-column elementor-col-33 elementor-top-column elementor-element elementor-element-583605e\" data-id=\"583605e\" data-element_type=\"column\" data-e-type=\"column\">\n\t\t\t<div class=\"elementor-widget-wrap elementor-element-populated\">\n\t\t\t\t\t\t<div class=\"elementor-element elementor-element-176ce9f elementor-widget elementor-widget-global elementor-global-2036 elementor-widget-heading\" data-id=\"176ce9f\" data-element_type=\"widget\" data-e-type=\"widget\" data-widget_type=\"heading.default\">\n\t\t\t\t<div class=\"elementor-widget-container\">\n\t\t\t\t\t<h3 class=\"elementor-heading-title elementor-size-default\">Af\u00edlia't a UGT<\/h3>\t\t\t\t<\/div>\n\t\t\t\t<\/div>\n\t\t\t\t<div class=\"elementor-element elementor-element-b9d70b6 elementor-widget elementor-widget-image\" data-id=\"b9d70b6\" data-element_type=\"widget\" data-e-type=\"widget\" data-widget_type=\"image.default\">\n\t\t\t\t<div class=\"elementor-widget-container\">\n\t\t\t\t\t\t\t\t\t\t\t\t\t\t\t\t<a href=\"https:\/\/fesmcugt.online\/ca\/afiliacio\/\">\n\t\t\t\t\t\t\t<img decoding=\"async\" width=\"500\" height=\"302\" src=\"https:\/\/fesmcugt.online\/wp-content\/uploads\/2020\/05\/afiliate-ugt-2020-500px.jpg\" class=\"attachment-large size-large wp-image-1920\" alt=\"Af\u00edliate a UGT\" srcset=\"https:\/\/fesmcugt.online\/wp-content\/uploads\/2020\/05\/afiliate-ugt-2020-500px.jpg 500w, https:\/\/fesmcugt.online\/wp-content\/uploads\/2020\/05\/afiliate-ugt-2020-500px-300x181.jpg 300w\" sizes=\"(max-width: 500px) 100vw, 500px\" \/>\t\t\t\t\t\t\t\t<\/a>\n\t\t\t\t\t\t\t\t\t\t\t\t\t\t\t<\/div>\n\t\t\t\t<\/div>\n\t\t\t\t<div class=\"elementor-element elementor-element-0217448 elementor-widget elementor-widget-spacer\" data-id=\"0217448\" data-element_type=\"widget\" data-e-type=\"widget\" data-widget_type=\"spacer.default\">\n\t\t\t\t<div class=\"elementor-widget-container\">\n\t\t\t\t\t\t\t<div class=\"elementor-spacer\">\n\t\t\t<div class=\"elementor-spacer-inner\"><\/div>\n\t\t<\/div>\n\t\t\t\t\t\t<\/div>\n\t\t\t\t<\/div>\n\t\t\t\t<div class=\"elementor-element elementor-element-9225aeb elementor-widget elementor-widget-heading\" data-id=\"9225aeb\" data-element_type=\"widget\" data-e-type=\"widget\" data-widget_type=\"heading.default\">\n\t\t\t\t<div class=\"elementor-widget-container\">\n\t\t\t\t\t<h3 class=\"elementor-heading-title elementor-size-default\">SERdUGT<\/h3>\t\t\t\t<\/div>\n\t\t\t\t<\/div>\n\t\t\t\t<div class=\"elementor-element elementor-element-0038af4 elementor-widget elementor-widget-global elementor-global-2701 elementor-widget-image\" data-id=\"0038af4\" data-element_type=\"widget\" data-e-type=\"widget\" data-widget_type=\"image.default\">\n\t\t\t\t<div class=\"elementor-widget-container\">\n\t\t\t\t\t\t\t\t\t\t\t\t\t\t\t\t<a href=\"https:\/\/ventajas.atlantis-seguros.es\/ugt\/\" target=\"_blank\">\n\t\t\t\t\t\t\t<img loading=\"lazy\" decoding=\"async\" width=\"200\" height=\"84\" src=\"https:\/\/fesmcugt.online\/wp-content\/uploads\/2020\/09\/atlantis.jpg\" class=\"attachment-large size-large wp-image-2700\" alt=\"Seguros Atlantis\" \/>\t\t\t\t\t\t\t\t<\/a>\n\t\t\t\t\t\t\t\t\t\t\t\t\t\t\t<\/div>\n\t\t\t\t<\/div>\n\t\t\t\t<div class=\"elementor-element elementor-element-7ef2a79 elementor-widget elementor-widget-spacer\" data-id=\"7ef2a79\" data-element_type=\"widget\" data-e-type=\"widget\" data-widget_type=\"spacer.default\">\n\t\t\t\t<div class=\"elementor-widget-container\">\n\t\t\t\t\t\t\t<div class=\"elementor-spacer\">\n\t\t\t<div class=\"elementor-spacer-inner\"><\/div>\n\t\t<\/div>\n\t\t\t\t\t\t<\/div>\n\t\t\t\t<\/div>\n\t\t\t\t<div class=\"elementor-element elementor-element-1c086a8 elementor-widget elementor-widget-heading\" data-id=\"1c086a8\" data-element_type=\"widget\" data-e-type=\"widget\" data-widget_type=\"heading.default\">\n\t\t\t\t<div class=\"elementor-widget-container\">\n\t\t\t\t\t<h3 class=\"elementor-heading-title elementor-size-default\">SERdUGT<\/h3>\t\t\t\t<\/div>\n\t\t\t\t<\/div>\n\t\t\t\t<div class=\"elementor-element elementor-element-99735fe elementor-widget elementor-widget-image\" data-id=\"99735fe\" data-element_type=\"widget\" data-e-type=\"widget\" data-widget_type=\"image.default\">\n\t\t\t\t<div class=\"elementor-widget-container\">\n\t\t\t\t\t\t\t\t\t\t\t\t\t\t\t\t<a href=\"https:\/\/www.ugt.es\/que-es-serdugt\" target=\"_blank\">\n\t\t\t\t\t\t\t<img loading=\"lazy\" decoding=\"async\" width=\"351\" height=\"346\" src=\"https:\/\/fesmcugt.online\/wp-content\/uploads\/2020\/05\/serdugt.jpg\" class=\"attachment-large size-large wp-image-2021\" alt=\"SERdUGT\" srcset=\"https:\/\/fesmcugt.online\/wp-content\/uploads\/2020\/05\/serdugt.jpg 351w, https:\/\/fesmcugt.online\/wp-content\/uploads\/2020\/05\/serdugt-300x296.jpg 300w\" sizes=\"(max-width: 351px) 100vw, 351px\" \/>\t\t\t\t\t\t\t\t<\/a>\n\t\t\t\t\t\t\t\t\t\t\t\t\t\t\t<\/div>\n\t\t\t\t<\/div>\n\t\t\t\t<div class=\"elementor-element elementor-element-70cadab elementor-widget elementor-widget-spacer\" data-id=\"70cadab\" data-element_type=\"widget\" data-e-type=\"widget\" data-widget_type=\"spacer.default\">\n\t\t\t\t<div class=\"elementor-widget-container\">\n\t\t\t\t\t\t\t<div class=\"elementor-spacer\">\n\t\t\t<div class=\"elementor-spacer-inner\"><\/div>\n\t\t<\/div>\n\t\t\t\t\t\t<\/div>\n\t\t\t\t<\/div>\n\t\t\t\t<div class=\"elementor-element elementor-element-2dd3e2d elementor-widget elementor-widget-heading\" data-id=\"2dd3e2d\" data-element_type=\"widget\" data-e-type=\"widget\" data-widget_type=\"heading.default\">\n\t\t\t\t<div class=\"elementor-widget-container\">\n\t\t\t\t\t<h3 class=\"elementor-heading-title elementor-size-default\">Calendari Laboral<\/h3>\t\t\t\t<\/div>\n\t\t\t\t<\/div>\n\t\t\t\t<div class=\"elementor-element elementor-element-782e87e elementor-widget elementor-widget-image\" data-id=\"782e87e\" data-element_type=\"widget\" data-e-type=\"widget\" data-widget_type=\"image.default\">\n\t\t\t\t<div class=\"elementor-widget-container\">\n\t\t\t\t\t\t\t\t\t\t\t\t\t\t\t\t<a href=\"https:\/\/web.gencat.cat\/ca\/actualitat\/reportatges\/calendarilaboral\/calendari-laboral-2021\/\" target=\"_blank\">\n\t\t\t\t\t\t\t<img loading=\"lazy\" decoding=\"async\" width=\"400\" height=\"279\" src=\"https:\/\/fesmcugt.online\/wp-content\/uploads\/2021\/01\/calendario-laboral-2021.png\" class=\"attachment-large size-large wp-image-4622\" alt=\"\" srcset=\"https:\/\/fesmcugt.online\/wp-content\/uploads\/2021\/01\/calendario-laboral-2021.png 400w, https:\/\/fesmcugt.online\/wp-content\/uploads\/2021\/01\/calendario-laboral-2021-300x209.png 300w\" sizes=\"(max-width: 400px) 100vw, 400px\" \/>\t\t\t\t\t\t\t\t<\/a>\n\t\t\t\t\t\t\t\t\t\t\t\t\t\t\t<\/div>\n\t\t\t\t<\/div>\n\t\t\t\t\t<\/div>\n\t\t<\/div>\n\t\t\t\t\t<\/div>\n\t\t<\/section>\n\t\t\t\t<\/div>\n\t\t","protected":false},"excerpt":{"rendered":"<p>RENDA 2019 Et recordem que la quota sindical \u00e9s desgravable a la declaraci\u00f3 de la renda. El termini per presentar la declaraci\u00f3 de la renda de l&#8217;exercici 2019 es troba obert des de l&#8217;1 d&#8217;abril fins al 30 de juny de 2020. En l&#8217;esborrany de la declaraci\u00f3 elaborat per Hisenda no s&#8217;inclou la desgravaci\u00f3 per &#8230; <a title=\"Renda 2019\" class=\"read-more\" href=\"https:\/\/fesmcugt.online\/ca\/renda-2019\/\" aria-label=\"M\u00e9s informaci\u00f3 sobre Renda 2019\">Llegiu m\u00e9s<\/a><\/p>\n","protected":false},"author":1,"featured_media":0,"parent":0,"menu_order":0,"comment_status":"closed","ping_status":"closed","template":"","meta":{"_acf_changed":false,"_seopress_robots_primary_cat":"","_seopress_titles_title":"","_seopress_titles_desc":"","_seopress_robots_index":"","_editorskit_title_hidden":true,"_editorskit_reading_time":1,"_editorskit_is_block_options_detached":false,"_editorskit_block_options_position":"{}","_coblocks_attr":"","_coblocks_dimensions":"","_coblocks_responsive_height":"","_coblocks_accordion_ie_support":"","_uag_custom_page_level_css":"","footnotes":""},"class_list":["post-2046","page","type-page","status-publish"],"acf":[],"featured_image_src":null,"featured_image_src_square":null,"uagb_featured_image_src":{"full":false,"thumbnail":false,"medium":false,"medium_large":false,"large":false,"1536x1536":false,"2048x2048":false,"gb-block-post-grid-landscape":false,"gb-block-post-grid-square":false},"uagb_author_info":{"display_name":"fcaballero","author_link":"https:\/\/fesmcugt.online\/ca\/author\/fcaballero\/"},"uagb_comment_info":0,"uagb_excerpt":"RENDA 2019 Et recordem que la quota sindical \u00e9s desgravable a la declaraci\u00f3 de la renda. El termini per presentar la declaraci\u00f3 de la renda de l&#8217;exercici 2019 es troba obert des de l&#8217;1 d&#8217;abril fins al 30 de juny de 2020. En l&#8217;esborrany de la declaraci\u00f3 elaborat per Hisenda no s&#8217;inclou la desgravaci\u00f3 per&hellip;","_links":{"self":[{"href":"https:\/\/fesmcugt.online\/ca\/wp-json\/wp\/v2\/pages\/2046","targetHints":{"allow":["GET"]}}],"collection":[{"href":"https:\/\/fesmcugt.online\/ca\/wp-json\/wp\/v2\/pages"}],"about":[{"href":"https:\/\/fesmcugt.online\/ca\/wp-json\/wp\/v2\/types\/page"}],"author":[{"embeddable":true,"href":"https:\/\/fesmcugt.online\/ca\/wp-json\/wp\/v2\/users\/1"}],"replies":[{"embeddable":true,"href":"https:\/\/fesmcugt.online\/ca\/wp-json\/wp\/v2\/comments?post=2046"}],"version-history":[{"count":15,"href":"https:\/\/fesmcugt.online\/ca\/wp-json\/wp\/v2\/pages\/2046\/revisions"}],"predecessor-version":[{"id":4661,"href":"https:\/\/fesmcugt.online\/ca\/wp-json\/wp\/v2\/pages\/2046\/revisions\/4661"}],"wp:attachment":[{"href":"https:\/\/fesmcugt.online\/ca\/wp-json\/wp\/v2\/media?parent=2046"}],"curies":[{"name":"wp","href":"https:\/\/api.w.org\/{rel}","templated":true}]}}