{"id":1911,"date":"2020-05-25T16:41:06","date_gmt":"2020-05-25T14:41:06","guid":{"rendered":"http:\/\/fesmcugt.online\/?page_id=1911"},"modified":"2022-03-01T13:05:56","modified_gmt":"2022-03-01T12:05:56","slug":"inicio","status":"publish","type":"page","link":"https:\/\/fesmcugt.online\/ca\/inicio\/","title":{"rendered":"Inici &#8211; anterior al 28-02-2022"},"content":{"rendered":"\t\t<div data-elementor-type=\"wp-page\" data-elementor-id=\"1911\" class=\"elementor elementor-1911\" data-elementor-post-type=\"page\">\n\t\t\t\t\t\t<section class=\"elementor-section elementor-top-section elementor-element elementor-element-d0d70d9 elementor-section-full_width elementor-section-height-default elementor-section-height-default\" data-id=\"d0d70d9\" data-element_type=\"section\" data-e-type=\"section\">\n\t\t\t\t\t\t<div class=\"elementor-container elementor-column-gap-default\">\n\t\t\t\t\t<div class=\"elementor-column elementor-col-66 elementor-top-column elementor-element elementor-element-7832d55\" data-id=\"7832d55\" data-element_type=\"column\" data-e-type=\"column\">\n\t\t\t<div class=\"elementor-widget-wrap elementor-element-populated\">\n\t\t\t\t\t\t<div class=\"elementor-element elementor-element-8455c95 elementor-hidden-phone elementor--h-position-center elementor--v-position-middle elementor-arrows-position-inside elementor-pagination-position-inside elementor-widget elementor-widget-slides\" data-id=\"8455c95\" data-element_type=\"widget\" data-e-type=\"widget\" data-settings=\"{&quot;navigation&quot;:&quot;both&quot;,&quot;autoplay&quot;:&quot;yes&quot;,&quot;pause_on_hover&quot;:&quot;yes&quot;,&quot;pause_on_interaction&quot;:&quot;yes&quot;,&quot;autoplay_speed&quot;:5000,&quot;infinite&quot;:&quot;yes&quot;,&quot;transition&quot;:&quot;slide&quot;,&quot;transition_speed&quot;:500}\" data-widget_type=\"slides.default\">\n\t\t\t\t<div class=\"elementor-widget-container\">\n\t\t\t\t\t\t\t\t\t<div class=\"elementor-swiper\">\n\t\t\t\t\t<div class=\"elementor-slides-wrapper elementor-main-swiper swiper\" role=\"region\" aria-roledescription=\"carousel\" aria-label=\"Diapositives\" dir=\"ltr\" data-animation=\"fadeInUp\">\n\t\t\t\t<div class=\"swiper-wrapper elementor-slides\">\n\t\t\t\t\t\t\t\t\t\t<div class=\"elementor-repeater-item-1b27a82 swiper-slide\" role=\"group\" aria-roledescription=\"slide\"><div class=\"swiper-slide-bg\" role=\"img\" aria-label=\"conciliacion-familiar-y-laboral-libros\"><\/div><div class=\"elementor-background-overlay\"><\/div><a class=\"swiper-slide-inner\" href=\"https:\/\/fesmcugt.online\/ca\/arees\/circulars\/peticiones-de-ugt-a-la-empresa\/\"><div class=\"swiper-slide-contents\"><div class=\"elementor-slide-heading\">PETICIONS DE LA UGT A L\u2019EMPRESA<\/div><div  class=\"elementor-button elementor-slide-button elementor-size-sm\">Llegir m\u00e9s<\/div><\/div><\/a><\/div><div class=\"elementor-repeater-item-fca8efc swiper-slide\" role=\"group\" aria-roledescription=\"slide\"><div class=\"swiper-slide-bg\" role=\"img\" aria-label=\"postureo-550x330\"><\/div><div class=\"elementor-background-overlay\"><\/div><a class=\"swiper-slide-inner\" href=\"https:\/\/fesmcugt.online\/ca\/arees\/circulars\/postureos-days\/\"><div class=\"swiper-slide-contents\"><div class=\"elementor-slide-heading\">POSTUREO\u00b4S DAYS<\/div><div  class=\"elementor-button elementor-slide-button elementor-size-sm\">Llegir m\u00e9s<\/div><\/div><\/a><\/div><div class=\"elementor-repeater-item-144f0be swiper-slide\" role=\"group\" aria-roledescription=\"slide\"><div class=\"swiper-slide-bg\" role=\"img\" aria-label=\"reuniones-trabajo-550x330\"><\/div><div class=\"elementor-background-overlay\"><\/div><a class=\"swiper-slide-inner\" href=\"https:\/\/fesmcugt.online\/ca\/arees\/circulars\/comissio-seguiment-del-23-de-setembre\/\"><div class=\"swiper-slide-contents\"><div class=\"elementor-slide-heading\">COMISSI\u00d3 SEGUIMENT DEL 23 DE SETEMBRE<\/div><div  class=\"elementor-button elementor-slide-button elementor-size-sm\">Llegir m\u00e9s<\/div><\/div><\/a><\/div>\t\t\t\t<\/div>\n\t\t\t\t\t\t\t\t\t\t\t\t\t\t\t<div class=\"elementor-swiper-button elementor-swiper-button-prev\" role=\"button\" tabindex=\"0\" aria-label=\"Previous slide\">\n\t\t\t\t\t\t\t<i aria-hidden=\"true\" class=\"eicon-chevron-left\"><\/i>\t\t\t\t\t\t<\/div>\n\t\t\t\t\t\t<div class=\"elementor-swiper-button elementor-swiper-button-next\" role=\"button\" tabindex=\"0\" aria-label=\"Next slide\">\n\t\t\t\t\t\t\t<i aria-hidden=\"true\" class=\"eicon-chevron-right\"><\/i>\t\t\t\t\t\t<\/div>\n\t\t\t\t\t\t\t\t\t\t\t\t\t\t\t\t<div class=\"swiper-pagination\"><\/div>\n\t\t\t\t\t\t\t\t\t\t\t\t<\/div>\n\t\t\t\t<\/div>\n\t\t\t\t\t\t\t\t<\/div>\n\t\t\t\t<\/div>\n\t\t\t\t<div class=\"elementor-element elementor-element-5b6e802 elementor-hidden-desktop elementor-hidden-tablet elementor--h-position-center elementor--v-position-middle elementor-arrows-position-inside elementor-pagination-position-inside elementor-widget elementor-widget-slides\" data-id=\"5b6e802\" data-element_type=\"widget\" data-e-type=\"widget\" data-settings=\"{&quot;navigation&quot;:&quot;both&quot;,&quot;autoplay&quot;:&quot;yes&quot;,&quot;pause_on_hover&quot;:&quot;yes&quot;,&quot;pause_on_interaction&quot;:&quot;yes&quot;,&quot;autoplay_speed&quot;:5000,&quot;infinite&quot;:&quot;yes&quot;,&quot;transition&quot;:&quot;slide&quot;,&quot;transition_speed&quot;:500}\" data-widget_type=\"slides.default\">\n\t\t\t\t<div class=\"elementor-widget-container\">\n\t\t\t\t\t\t\t\t\t<div class=\"elementor-swiper\">\n\t\t\t\t\t<div class=\"elementor-slides-wrapper elementor-main-swiper swiper\" role=\"region\" aria-roledescription=\"carousel\" aria-label=\"Diapositives\" dir=\"ltr\" data-animation=\"fadeInUp\">\n\t\t\t\t<div class=\"swiper-wrapper elementor-slides\">\n\t\t\t\t\t\t\t\t\t\t<div class=\"elementor-repeater-item-1b27a82 swiper-slide\" role=\"group\" aria-roledescription=\"slide\"><div class=\"swiper-slide-bg\" role=\"img\" aria-label=\"conciliacion-familiar-y-laboral-libros\"><\/div><div class=\"elementor-background-overlay\"><\/div><a class=\"swiper-slide-inner\" href=\"https:\/\/fesmcugt.online\/ca\/arees\/circulars\/peticiones-de-ugt-a-la-empresa\/\"><div class=\"swiper-slide-contents\"><div class=\"elementor-slide-heading\">PETICIONS DE LA UGT A L\u2019EMPRESA<\/div><div  class=\"elementor-button elementor-slide-button elementor-size-sm\">Llegir m\u00e9s<\/div><\/div><\/a><\/div><div class=\"elementor-repeater-item-04e099c swiper-slide\" role=\"group\" aria-roledescription=\"slide\"><div class=\"swiper-slide-bg\" role=\"img\" aria-label=\"postureo-550x330\"><\/div><div class=\"elementor-background-overlay\"><\/div><a class=\"swiper-slide-inner\" href=\"https:\/\/fesmcugt.online\/ca\/arees\/circulars\/postureos-days\/#more-5520\"><div class=\"swiper-slide-contents\"><div class=\"elementor-slide-heading\">POSTUREO\u00b4S DAYS<\/div><div  class=\"elementor-button elementor-slide-button elementor-size-sm\">Llegir m\u00e9s<\/div><\/div><\/a><\/div><div class=\"elementor-repeater-item-d1c0ef5 swiper-slide\" role=\"group\" aria-roledescription=\"slide\"><div class=\"swiper-slide-bg\" role=\"img\" aria-label=\"reuniones-trabajo-550x330\"><\/div><div class=\"elementor-background-overlay\"><\/div><a class=\"swiper-slide-inner\" href=\"https:\/\/fesmcugt.online\/ca\/arees\/circulars\/comissio-seguiment-del-23-de-setembre\/\"><div class=\"swiper-slide-contents\"><div class=\"elementor-slide-heading\">COMISSI\u00d3 SEGUIMENT DEL 23 DE SETEMBRE<\/div><div  class=\"elementor-button elementor-slide-button elementor-size-sm\">Llegir m\u00e9s<\/div><\/div><\/a><\/div>\t\t\t\t<\/div>\n\t\t\t\t\t\t\t\t\t\t\t\t\t\t\t<div class=\"elementor-swiper-button elementor-swiper-button-prev\" role=\"button\" tabindex=\"0\" aria-label=\"Previous slide\">\n\t\t\t\t\t\t\t<i aria-hidden=\"true\" class=\"eicon-chevron-left\"><\/i>\t\t\t\t\t\t<\/div>\n\t\t\t\t\t\t<div class=\"elementor-swiper-button elementor-swiper-button-next\" role=\"button\" tabindex=\"0\" aria-label=\"Next slide\">\n\t\t\t\t\t\t\t<i aria-hidden=\"true\" class=\"eicon-chevron-right\"><\/i>\t\t\t\t\t\t<\/div>\n\t\t\t\t\t\t\t\t\t\t\t\t\t\t\t\t<div class=\"swiper-pagination\"><\/div>\n\t\t\t\t\t\t\t\t\t\t\t\t<\/div>\n\t\t\t\t<\/div>\n\t\t\t\t\t\t\t\t<\/div>\n\t\t\t\t<\/div>\n\t\t\t\t<div class=\"elementor-element elementor-element-2e1d988 elementor-widget elementor-widget-spacer\" data-id=\"2e1d988\" data-element_type=\"widget\" data-e-type=\"widget\" data-widget_type=\"spacer.default\">\n\t\t\t\t<div class=\"elementor-widget-container\">\n\t\t\t\t\t\t\t<div class=\"elementor-spacer\">\n\t\t\t<div class=\"elementor-spacer-inner\"><\/div>\n\t\t<\/div>\n\t\t\t\t\t\t<\/div>\n\t\t\t\t<\/div>\n\t\t\t\t<div class=\"elementor-element elementor-element-3cc2360 elementor-widget elementor-widget-image\" data-id=\"3cc2360\" data-element_type=\"widget\" data-e-type=\"widget\" data-widget_type=\"image.default\">\n\t\t\t\t<div class=\"elementor-widget-container\">\n\t\t\t\t\t\t\t\t\t\t\t\t\t\t\t\t<a href=\"http:\/\/www.ugt.cat\/consulta-tota-la-informacio-sobre-el-covid-19\/\" target=\"_blank\">\n\t\t\t\t\t\t\t<img fetchpriority=\"high\" decoding=\"async\" width=\"800\" height=\"360\" src=\"https:\/\/fesmcugt.online\/wp-content\/uploads\/2020\/06\/consulta_info_covid19.jpg\" class=\"attachment-large size-large wp-image-2544\" alt=\"\" srcset=\"https:\/\/fesmcugt.online\/wp-content\/uploads\/2020\/06\/consulta_info_covid19.jpg 800w, https:\/\/fesmcugt.online\/wp-content\/uploads\/2020\/06\/consulta_info_covid19-300x135.jpg 300w, https:\/\/fesmcugt.online\/wp-content\/uploads\/2020\/06\/consulta_info_covid19-768x346.jpg 768w\" sizes=\"(max-width: 800px) 100vw, 800px\" \/>\t\t\t\t\t\t\t\t<\/a>\n\t\t\t\t\t\t\t\t\t\t\t\t\t\t\t<\/div>\n\t\t\t\t<\/div>\n\t\t\t\t<div class=\"elementor-element elementor-element-f2ddc06 elementor-widget elementor-widget-spacer\" data-id=\"f2ddc06\" data-element_type=\"widget\" data-e-type=\"widget\" data-widget_type=\"spacer.default\">\n\t\t\t\t<div class=\"elementor-widget-container\">\n\t\t\t\t\t\t\t<div class=\"elementor-spacer\">\n\t\t\t<div class=\"elementor-spacer-inner\"><\/div>\n\t\t<\/div>\n\t\t\t\t\t\t<\/div>\n\t\t\t\t<\/div>\n\t\t\t\t<div class=\"elementor-element elementor-element-cfd9f23 elementor-widget elementor-widget-spacer\" data-id=\"cfd9f23\" data-element_type=\"widget\" data-e-type=\"widget\" data-widget_type=\"spacer.default\">\n\t\t\t\t<div class=\"elementor-widget-container\">\n\t\t\t\t\t\t\t<div class=\"elementor-spacer\">\n\t\t\t<div class=\"elementor-spacer-inner\"><\/div>\n\t\t<\/div>\n\t\t\t\t\t\t<\/div>\n\t\t\t\t<\/div>\n\t\t\t\t\t<\/div>\n\t\t<\/div>\n\t\t\t\t<div class=\"elementor-column elementor-col-33 elementor-top-column elementor-element elementor-element-583605e\" data-id=\"583605e\" data-element_type=\"column\" data-e-type=\"column\">\n\t\t\t<div class=\"elementor-widget-wrap elementor-element-populated\">\n\t\t\t\t\t\t<div class=\"elementor-element elementor-element-4c73028 elementor-widget elementor-widget-heading\" data-id=\"4c73028\" data-element_type=\"widget\" data-e-type=\"widget\" data-widget_type=\"heading.default\">\n\t\t\t\t<div class=\"elementor-widget-container\">\n\t\t\t\t\t<h2 class=\"elementor-heading-title elementor-size-default\">ERO 2021<\/h2>\t\t\t\t<\/div>\n\t\t\t\t<\/div>\n\t\t\t\t<div class=\"elementor-element elementor-element-b161345 elementor-widget elementor-widget-image\" data-id=\"b161345\" data-element_type=\"widget\" data-e-type=\"widget\" data-widget_type=\"image.default\">\n\t\t\t\t<div class=\"elementor-widget-container\">\n\t\t\t\t\t\t\t\t\t\t\t\t\t\t\t\t<a href=\"https:\/\/fesmcugt.online\/ca\/ero-2021\/\">\n\t\t\t\t\t\t\t<img decoding=\"async\" width=\"550\" height=\"330\" src=\"https:\/\/fesmcugt.online\/wp-content\/uploads\/2021\/05\/vaga-catalunya-550x330-1.jpg\" class=\"attachment-large size-large wp-image-5339\" alt=\"\" srcset=\"https:\/\/fesmcugt.online\/wp-content\/uploads\/2021\/05\/vaga-catalunya-550x330-1.jpg 550w, https:\/\/fesmcugt.online\/wp-content\/uploads\/2021\/05\/vaga-catalunya-550x330-1-300x180.jpg 300w\" sizes=\"(max-width: 550px) 100vw, 550px\" \/>\t\t\t\t\t\t\t\t<\/a>\n\t\t\t\t\t\t\t\t\t\t\t\t\t\t\t<\/div>\n\t\t\t\t<\/div>\n\t\t\t\t<div class=\"elementor-element elementor-element-0c181df elementor-widget elementor-widget-spacer\" data-id=\"0c181df\" data-element_type=\"widget\" data-e-type=\"widget\" data-widget_type=\"spacer.default\">\n\t\t\t\t<div class=\"elementor-widget-container\">\n\t\t\t\t\t\t\t<div class=\"elementor-spacer\">\n\t\t\t<div class=\"elementor-spacer-inner\"><\/div>\n\t\t<\/div>\n\t\t\t\t\t\t<\/div>\n\t\t\t\t<\/div>\n\t\t\t\t<div class=\"elementor-element elementor-element-6bd1dfa elementor-widget elementor-widget-heading\" data-id=\"6bd1dfa\" data-element_type=\"widget\" data-e-type=\"widget\" data-widget_type=\"heading.default\">\n\t\t\t\t<div class=\"elementor-widget-container\">\n\t\t\t\t\t<h3 class=\"elementor-heading-title elementor-size-default\">Renda 2020<\/h3>\t\t\t\t<\/div>\n\t\t\t\t<\/div>\n\t\t\t\t<div class=\"elementor-element elementor-element-4c20263 elementor-widget elementor-widget-image\" data-id=\"4c20263\" data-element_type=\"widget\" data-e-type=\"widget\" data-widget_type=\"image.default\">\n\t\t\t\t<div class=\"elementor-widget-container\">\n\t\t\t\t\t\t\t\t\t\t\t\t\t\t\t\t<a href=\"https:\/\/fesmcugt.online\/ca\/renda-2020\/\" target=\"_blank\">\n\t\t\t\t\t\t\t<img decoding=\"async\" width=\"208\" height=\"112\" src=\"https:\/\/fesmcugt.online\/wp-content\/uploads\/2021\/04\/renda_2020_208x112.jpg\" class=\"attachment-large size-large wp-image-4904\" alt=\"Renda 2020\" \/>\t\t\t\t\t\t\t\t<\/a>\n\t\t\t\t\t\t\t\t\t\t\t\t\t\t\t<\/div>\n\t\t\t\t<\/div>\n\t\t\t\t<div class=\"elementor-element elementor-element-915c8cf elementor-widget elementor-widget-spacer\" data-id=\"915c8cf\" data-element_type=\"widget\" data-e-type=\"widget\" data-widget_type=\"spacer.default\">\n\t\t\t\t<div class=\"elementor-widget-container\">\n\t\t\t\t\t\t\t<div class=\"elementor-spacer\">\n\t\t\t<div class=\"elementor-spacer-inner\"><\/div>\n\t\t<\/div>\n\t\t\t\t\t\t<\/div>\n\t\t\t\t<\/div>\n\t\t\t\t<div class=\"elementor-element elementor-element-f737fd9 elementor-widget elementor-widget-heading\" data-id=\"f737fd9\" data-element_type=\"widget\" data-e-type=\"widget\" data-widget_type=\"heading.default\">\n\t\t\t\t<div class=\"elementor-widget-container\">\n\t\t\t\t\t<h3 class=\"elementor-heading-title elementor-size-default\">Afilia't a UGT<\/h3>\t\t\t\t<\/div>\n\t\t\t\t<\/div>\n\t\t\t\t<div class=\"elementor-element elementor-element-b9d70b6 elementor-widget elementor-widget-image\" data-id=\"b9d70b6\" data-element_type=\"widget\" data-e-type=\"widget\" data-widget_type=\"image.default\">\n\t\t\t\t<div class=\"elementor-widget-container\">\n\t\t\t\t\t\t\t\t\t\t\t\t\t\t\t\t<a href=\"https:\/\/fesmcugt.online\/ca\/afiliacio\/\">\n\t\t\t\t\t\t\t<img loading=\"lazy\" decoding=\"async\" width=\"500\" height=\"302\" src=\"https:\/\/fesmcugt.online\/wp-content\/uploads\/2020\/05\/afiliate-ugt-2020-500px.jpg\" class=\"attachment-large size-large wp-image-1920\" alt=\"Af\u00edliate a UGT\" srcset=\"https:\/\/fesmcugt.online\/wp-content\/uploads\/2020\/05\/afiliate-ugt-2020-500px.jpg 500w, https:\/\/fesmcugt.online\/wp-content\/uploads\/2020\/05\/afiliate-ugt-2020-500px-300x181.jpg 300w\" sizes=\"(max-width: 500px) 100vw, 500px\" \/>\t\t\t\t\t\t\t\t<\/a>\n\t\t\t\t\t\t\t\t\t\t\t\t\t\t\t<\/div>\n\t\t\t\t<\/div>\n\t\t\t\t<div class=\"elementor-element elementor-element-0217448 elementor-widget elementor-widget-spacer\" data-id=\"0217448\" data-element_type=\"widget\" data-e-type=\"widget\" data-widget_type=\"spacer.default\">\n\t\t\t\t<div class=\"elementor-widget-container\">\n\t\t\t\t\t\t\t<div class=\"elementor-spacer\">\n\t\t\t<div class=\"elementor-spacer-inner\"><\/div>\n\t\t<\/div>\n\t\t\t\t\t\t<\/div>\n\t\t\t\t<\/div>\n\t\t\t\t<div class=\"elementor-element elementor-element-3a55629 elementor-widget elementor-widget-heading\" data-id=\"3a55629\" data-element_type=\"widget\" data-e-type=\"widget\" data-widget_type=\"heading.default\">\n\t\t\t\t<div class=\"elementor-widget-container\">\n\t\t\t\t\t<h3 class=\"elementor-heading-title elementor-size-default\">Descomptes en assegurances<\/h3>\t\t\t\t<\/div>\n\t\t\t\t<\/div>\n\t\t\t\t<div class=\"elementor-element elementor-element-58a69b3 elementor-widget elementor-widget-global elementor-global-2701 elementor-widget-image\" data-id=\"58a69b3\" data-element_type=\"widget\" data-e-type=\"widget\" data-widget_type=\"image.default\">\n\t\t\t\t<div class=\"elementor-widget-container\">\n\t\t\t\t\t\t\t\t\t\t\t\t\t\t\t\t<a href=\"https:\/\/ventajas.atlantis-seguros.es\/ugt\/\" target=\"_blank\">\n\t\t\t\t\t\t\t<img loading=\"lazy\" decoding=\"async\" width=\"200\" height=\"84\" src=\"https:\/\/fesmcugt.online\/wp-content\/uploads\/2020\/09\/atlantis.jpg\" class=\"attachment-large size-large wp-image-2700\" alt=\"Seguros Atlantis\" \/>\t\t\t\t\t\t\t\t<\/a>\n\t\t\t\t\t\t\t\t\t\t\t\t\t\t\t<\/div>\n\t\t\t\t<\/div>\n\t\t\t\t<div class=\"elementor-element elementor-element-fbf26f4 elementor-widget elementor-widget-spacer\" data-id=\"fbf26f4\" data-element_type=\"widget\" data-e-type=\"widget\" data-widget_type=\"spacer.default\">\n\t\t\t\t<div class=\"elementor-widget-container\">\n\t\t\t\t\t\t\t<div class=\"elementor-spacer\">\n\t\t\t<div class=\"elementor-spacer-inner\"><\/div>\n\t\t<\/div>\n\t\t\t\t\t\t<\/div>\n\t\t\t\t<\/div>\n\t\t\t\t<div class=\"elementor-element elementor-element-7654695 elementor-widget elementor-widget-heading\" data-id=\"7654695\" data-element_type=\"widget\" data-e-type=\"widget\" data-widget_type=\"heading.default\">\n\t\t\t\t<div class=\"elementor-widget-container\">\n\t\t\t\t\t<h3 class=\"elementor-heading-title elementor-size-default\">SERdUGT<\/h3>\t\t\t\t<\/div>\n\t\t\t\t<\/div>\n\t\t\t\t<div class=\"elementor-element elementor-element-163abc9 elementor-widget elementor-widget-image\" data-id=\"163abc9\" data-element_type=\"widget\" data-e-type=\"widget\" data-widget_type=\"image.default\">\n\t\t\t\t<div class=\"elementor-widget-container\">\n\t\t\t\t\t\t\t\t\t\t\t\t\t\t\t\t<a href=\"https:\/\/www.ugt.es\/que-es-serdugt\" target=\"_blank\">\n\t\t\t\t\t\t\t<img loading=\"lazy\" decoding=\"async\" width=\"351\" height=\"346\" src=\"https:\/\/fesmcugt.online\/wp-content\/uploads\/2020\/05\/serdugt.jpg\" class=\"attachment-large size-large wp-image-2021\" alt=\"SERdUGT\" srcset=\"https:\/\/fesmcugt.online\/wp-content\/uploads\/2020\/05\/serdugt.jpg 351w, https:\/\/fesmcugt.online\/wp-content\/uploads\/2020\/05\/serdugt-300x296.jpg 300w\" sizes=\"(max-width: 351px) 100vw, 351px\" \/>\t\t\t\t\t\t\t\t<\/a>\n\t\t\t\t\t\t\t\t\t\t\t\t\t\t\t<\/div>\n\t\t\t\t<\/div>\n\t\t\t\t<div class=\"elementor-element elementor-element-6e32a69 elementor-widget elementor-widget-spacer\" data-id=\"6e32a69\" data-element_type=\"widget\" data-e-type=\"widget\" data-widget_type=\"spacer.default\">\n\t\t\t\t<div class=\"elementor-widget-container\">\n\t\t\t\t\t\t\t<div class=\"elementor-spacer\">\n\t\t\t<div class=\"elementor-spacer-inner\"><\/div>\n\t\t<\/div>\n\t\t\t\t\t\t<\/div>\n\t\t\t\t<\/div>\n\t\t\t\t<div class=\"elementor-element elementor-element-1c086a8 elementor-widget elementor-widget-heading\" data-id=\"1c086a8\" data-element_type=\"widget\" data-e-type=\"widget\" data-widget_type=\"heading.default\">\n\t\t\t\t<div class=\"elementor-widget-container\">\n\t\t\t\t\t<h3 class=\"elementor-heading-title elementor-size-default\">Calendari Laboral 2022<\/h3>\t\t\t\t<\/div>\n\t\t\t\t<\/div>\n\t\t\t\t<div class=\"elementor-element elementor-element-e4b08e6 elementor-widget elementor-widget-image\" data-id=\"e4b08e6\" data-element_type=\"widget\" data-e-type=\"widget\" data-widget_type=\"image.default\">\n\t\t\t\t<div class=\"elementor-widget-container\">\n\t\t\t\t\t\t\t\t\t\t\t\t\t\t\t\t<a href=\"https:\/\/web.gencat.cat\/ca\/actualitat\/reportatges\/calendarilaboral\/calendari-laboral-2022\" target=\"_blank\">\n\t\t\t\t\t\t\t<img loading=\"lazy\" decoding=\"async\" width=\"400\" height=\"225\" src=\"https:\/\/fesmcugt.online\/wp-content\/uploads\/2022\/01\/calendari-2022.jpg\" class=\"attachment-large size-large wp-image-5605\" alt=\"calendario laboral\" srcset=\"https:\/\/fesmcugt.online\/wp-content\/uploads\/2022\/01\/calendari-2022.jpg 400w, https:\/\/fesmcugt.online\/wp-content\/uploads\/2022\/01\/calendari-2022-300x169.jpg 300w\" sizes=\"(max-width: 400px) 100vw, 400px\" \/>\t\t\t\t\t\t\t\t<\/a>\n\t\t\t\t\t\t\t\t\t\t\t\t\t\t\t<\/div>\n\t\t\t\t<\/div>\n\t\t\t\t\t<\/div>\n\t\t<\/div>\n\t\t\t\t\t<\/div>\n\t\t<\/section>\n\t\t\t\t<\/div>\n\t\t","protected":false},"excerpt":{"rendered":"<p>PETICIONS DE LA UGT A L\u2019EMPRESALlegir m\u00e9sPOSTUREO\u00b4S DAYSLlegir m\u00e9sCOMISSI\u00d3 SEGUIMENT DEL 23 DE SETEMBRELlegir m\u00e9s Anterior Siguiente PETICIONS DE LA UGT A L\u2019EMPRESALlegir m\u00e9sPOSTUREO\u00b4S DAYSLlegir m\u00e9sCOMISSI\u00d3 SEGUIMENT DEL 23 DE SETEMBRELlegir m\u00e9s Anterior Siguiente ERO 2021 Renda 2020 Afilia&#8217;t a UGT Descomptes en assegurances SERdUGT Calendari Laboral 2022<\/p>\n","protected":false},"author":1,"featured_media":0,"parent":0,"menu_order":0,"comment_status":"closed","ping_status":"closed","template":"","meta":{"_acf_changed":false,"_seopress_robots_primary_cat":"","_seopress_titles_title":"","_seopress_titles_desc":"","_seopress_robots_index":"","_editorskit_title_hidden":true,"_editorskit_reading_time":1,"_editorskit_is_block_options_detached":false,"_editorskit_block_options_position":"{}","_coblocks_attr":"","_coblocks_dimensions":"","_coblocks_responsive_height":"","_coblocks_accordion_ie_support":"","_uag_custom_page_level_css":"","footnotes":""},"class_list":["post-1911","page","type-page","status-publish"],"acf":[],"featured_image_src":null,"featured_image_src_square":null,"uagb_featured_image_src":{"full":false,"thumbnail":false,"medium":false,"medium_large":false,"large":false,"1536x1536":false,"2048x2048":false,"gb-block-post-grid-landscape":false,"gb-block-post-grid-square":false},"uagb_author_info":{"display_name":"fcaballero","author_link":"https:\/\/fesmcugt.online\/ca\/author\/fcaballero\/"},"uagb_comment_info":0,"uagb_excerpt":"PETICIONS DE LA UGT A L\u2019EMPRESALlegir m\u00e9sPOSTUREO\u00b4S DAYSLlegir m\u00e9sCOMISSI\u00d3 SEGUIMENT DEL 23 DE SETEMBRELlegir m\u00e9s Anterior Siguiente PETICIONS DE LA UGT A L\u2019EMPRESALlegir m\u00e9sPOSTUREO\u00b4S DAYSLlegir m\u00e9sCOMISSI\u00d3 SEGUIMENT DEL 23 DE SETEMBRELlegir m\u00e9s Anterior Siguiente ERO 2021 Renda 2020 Afilia&#8217;t a UGT Descomptes en assegurances SERdUGT Calendari Laboral 2022","_links":{"self":[{"href":"https:\/\/fesmcugt.online\/ca\/wp-json\/wp\/v2\/pages\/1911","targetHints":{"allow":["GET"]}}],"collection":[{"href":"https:\/\/fesmcugt.online\/ca\/wp-json\/wp\/v2\/pages"}],"about":[{"href":"https:\/\/fesmcugt.online\/ca\/wp-json\/wp\/v2\/types\/page"}],"author":[{"embeddable":true,"href":"https:\/\/fesmcugt.online\/ca\/wp-json\/wp\/v2\/users\/1"}],"replies":[{"embeddable":true,"href":"https:\/\/fesmcugt.online\/ca\/wp-json\/wp\/v2\/comments?post=1911"}],"version-history":[{"count":192,"href":"https:\/\/fesmcugt.online\/ca\/wp-json\/wp\/v2\/pages\/1911\/revisions"}],"predecessor-version":[{"id":5750,"href":"https:\/\/fesmcugt.online\/ca\/wp-json\/wp\/v2\/pages\/1911\/revisions\/5750"}],"wp:attachment":[{"href":"https:\/\/fesmcugt.online\/ca\/wp-json\/wp\/v2\/media?parent=1911"}],"curies":[{"name":"wp","href":"https:\/\/api.w.org\/{rel}","templated":true}]}}