{"id":1748,"date":"2020-01-27T15:16:29","date_gmt":"2020-01-27T14:16:29","guid":{"rendered":"http:\/\/fesmcugt.online\/?page_id=1748"},"modified":"2020-05-22T19:43:16","modified_gmt":"2020-05-22T17:43:16","slug":"loteria-prova","status":"publish","type":"page","link":"https:\/\/fesmcugt.online\/ca\/loteria-prova\/","title":{"rendered":"loteria 2019-prova"},"content":{"rendered":"<p>[et_pb_section bb_built=&#8221;1&#8243; inner_width=&#8221;auto&#8221; inner_max_width=&#8221;none&#8221;][et_pb_row][et_pb_column type=&#8221;4_4&#8243;][et_pb_text _builder_version=&#8221;3.22.7&#8243; text_orientation=&#8221;center&#8221; text_text_shadow_horizontal_length=&#8221;text_text_shadow_style,%91object Object%93&#8243; text_text_shadow_vertical_length=&#8221;text_text_shadow_style,%91object Object%93&#8243; text_text_shadow_blur_strength=&#8221;text_text_shadow_style,%91object Object%93&#8243; link_text_shadow_horizontal_length=&#8221;link_text_shadow_style,%91object Object%93&#8243; link_text_shadow_vertical_length=&#8221;link_text_shadow_style,%91object Object%93&#8243; link_text_shadow_blur_strength=&#8221;link_text_shadow_style,%91object Object%93&#8243; ul_text_shadow_horizontal_length=&#8221;ul_text_shadow_style,%91object Object%93&#8243; ul_text_shadow_vertical_length=&#8221;ul_text_shadow_style,%91object Object%93&#8243; ul_text_shadow_blur_strength=&#8221;ul_text_shadow_style,%91object Object%93&#8243; ol_text_shadow_horizontal_length=&#8221;ol_text_shadow_style,%91object Object%93&#8243; ol_text_shadow_vertical_length=&#8221;ol_text_shadow_style,%91object Object%93&#8243; ol_text_shadow_blur_strength=&#8221;ol_text_shadow_style,%91object Object%93&#8243; quote_text_shadow_horizontal_length=&#8221;quote_text_shadow_style,%91object Object%93&#8243; quote_text_shadow_vertical_length=&#8221;quote_text_shadow_style,%91object Object%93&#8243; quote_text_shadow_blur_strength=&#8221;quote_text_shadow_style,%91object Object%93&#8243; header_text_shadow_horizontal_length=&#8221;header_text_shadow_style,%91object Object%93&#8243; header_text_shadow_vertical_length=&#8221;header_text_shadow_style,%91object Object%93&#8243; header_text_shadow_blur_strength=&#8221;header_text_shadow_style,%91object Object%93&#8243; header_2_text_shadow_horizontal_length=&#8221;header_2_text_shadow_style,%91object Object%93&#8243; header_2_text_shadow_vertical_length=&#8221;header_2_text_shadow_style,%91object Object%93&#8243; header_2_text_shadow_blur_strength=&#8221;header_2_text_shadow_style,%91object Object%93&#8243; header_3_text_shadow_horizontal_length=&#8221;header_3_text_shadow_style,%91object Object%93&#8243; header_3_text_shadow_vertical_length=&#8221;header_3_text_shadow_style,%91object Object%93&#8243; header_3_text_shadow_blur_strength=&#8221;header_3_text_shadow_style,%91object Object%93&#8243; header_4_text_shadow_horizontal_length=&#8221;header_4_text_shadow_style,%91object Object%93&#8243; header_4_text_shadow_vertical_length=&#8221;header_4_text_shadow_style,%91object Object%93&#8243; header_4_text_shadow_blur_strength=&#8221;header_4_text_shadow_style,%91object Object%93&#8243; header_5_text_shadow_horizontal_length=&#8221;header_5_text_shadow_style,%91object Object%93&#8243; header_5_text_shadow_vertical_length=&#8221;header_5_text_shadow_style,%91object Object%93&#8243; header_5_text_shadow_blur_strength=&#8221;header_5_text_shadow_style,%91object Object%93&#8243; header_6_text_shadow_horizontal_length=&#8221;header_6_text_shadow_style,%91object Object%93&#8243; header_6_text_shadow_vertical_length=&#8221;header_6_text_shadow_style,%91object Object%93&#8243; header_6_text_shadow_blur_strength=&#8221;header_6_text_shadow_style,%91object Object%93&#8243; z_index_tablet=&#8221;500&#8243;]<\/p>\n<h2><strong>LOTERIA DE NADAL 2019<\/strong><\/h2>\n<p>[\/et_pb_text][\/et_pb_column][\/et_pb_row][et_pb_row][et_pb_column type=&#8221;2_3&#8243;][et_pb_code _builder_version=&#8221;3.22.7&#8243; z_index_tablet=&#8221;500&#8243; disabled=&#8221;off&#8221; disabled_on=&#8221;off|off|off&#8221;]<p class=\"wpcf7-contact-form-not-found\"><strong>Error:<\/strong> No s&#039;ha trobat el formulari de contacte.<\/p>[\/et_pb_code][et_pb_text _builder_version=&#8221;3.22.7&#8243; text_text_shadow_horizontal_length=&#8221;text_text_shadow_style,%91object Object%93&#8243; text_text_shadow_vertical_length=&#8221;text_text_shadow_style,%91object Object%93&#8243; text_text_shadow_blur_strength=&#8221;text_text_shadow_style,%91object Object%93&#8243; link_text_shadow_horizontal_length=&#8221;link_text_shadow_style,%91object Object%93&#8243; link_text_shadow_vertical_length=&#8221;link_text_shadow_style,%91object Object%93&#8243; link_text_shadow_blur_strength=&#8221;link_text_shadow_style,%91object Object%93&#8243; ul_text_shadow_horizontal_length=&#8221;ul_text_shadow_style,%91object Object%93&#8243; ul_text_shadow_vertical_length=&#8221;ul_text_shadow_style,%91object Object%93&#8243; ul_text_shadow_blur_strength=&#8221;ul_text_shadow_style,%91object Object%93&#8243; ol_text_shadow_horizontal_length=&#8221;ol_text_shadow_style,%91object Object%93&#8243; ol_text_shadow_vertical_length=&#8221;ol_text_shadow_style,%91object Object%93&#8243; ol_text_shadow_blur_strength=&#8221;ol_text_shadow_style,%91object Object%93&#8243; quote_text_shadow_horizontal_length=&#8221;quote_text_shadow_style,%91object Object%93&#8243; quote_text_shadow_vertical_length=&#8221;quote_text_shadow_style,%91object Object%93&#8243; quote_text_shadow_blur_strength=&#8221;quote_text_shadow_style,%91object Object%93&#8243; header_text_shadow_horizontal_length=&#8221;header_text_shadow_style,%91object Object%93&#8243; header_text_shadow_vertical_length=&#8221;header_text_shadow_style,%91object Object%93&#8243; header_text_shadow_blur_strength=&#8221;header_text_shadow_style,%91object Object%93&#8243; header_2_text_shadow_horizontal_length=&#8221;header_2_text_shadow_style,%91object Object%93&#8243; header_2_text_shadow_vertical_length=&#8221;header_2_text_shadow_style,%91object Object%93&#8243; header_2_text_shadow_blur_strength=&#8221;header_2_text_shadow_style,%91object Object%93&#8243; header_3_text_shadow_horizontal_length=&#8221;header_3_text_shadow_style,%91object Object%93&#8243; header_3_text_shadow_vertical_length=&#8221;header_3_text_shadow_style,%91object Object%93&#8243; header_3_text_shadow_blur_strength=&#8221;header_3_text_shadow_style,%91object Object%93&#8243; header_4_text_shadow_horizontal_length=&#8221;header_4_text_shadow_style,%91object Object%93&#8243; header_4_text_shadow_vertical_length=&#8221;header_4_text_shadow_style,%91object Object%93&#8243; header_4_text_shadow_blur_strength=&#8221;header_4_text_shadow_style,%91object Object%93&#8243; header_5_text_shadow_horizontal_length=&#8221;header_5_text_shadow_style,%91object Object%93&#8243; header_5_text_shadow_vertical_length=&#8221;header_5_text_shadow_style,%91object Object%93&#8243; header_5_text_shadow_blur_strength=&#8221;header_5_text_shadow_style,%91object Object%93&#8243; header_6_text_shadow_horizontal_length=&#8221;header_6_text_shadow_style,%91object Object%93&#8243; header_6_text_shadow_vertical_length=&#8221;header_6_text_shadow_style,%91object Object%93&#8243; header_6_text_shadow_blur_strength=&#8221;header_6_text_shadow_style,%91object Object%93&#8243; z_index_tablet=&#8221;500&#8243; disabled=&#8221;on&#8221; disabled_on=&#8221;on|on|on&#8221;]<\/p>\n<p>Et comuniquem que ha finalitzat el per\u00edode de sol\u00b7licitud de la nostra loteria per internet.<\/p>\n<p>Si vols demanar m\u00e9s loteria pots posar-te en contacte amb nosaltres trucant al tel\u00e8fon 93 401 43 80 o b\u00e9, per correu electr\u00f2nic a l&#8217;adre\u00e7a <a href=\"mailto:catalunyaugtccbbva@gmail.com\">catalunyaugtccbbva@gmail.com<\/a> i un dels nostres delegats\/delegades es posar\u00e0 en contacte amb tu.<\/p>\n<p>La data l\u00edmit per demanar loteria ser\u00e0 el dia <strong>13\/12\/2019<\/strong>. <\/p>\n<p>Gr\u00e0cies per la teva atenci\u00f3 i confian\u00e7a en el nostre sindicat.<\/p>\n<p>[\/et_pb_text][et_pb_text _builder_version=&#8221;3.22.7&#8243; saved_tabs=&#8221;all&#8221; text_text_shadow_horizontal_length=&#8221;text_text_shadow_style,%91object Object%93&#8243; text_text_shadow_vertical_length=&#8221;text_text_shadow_style,%91object Object%93&#8243; text_text_shadow_blur_strength=&#8221;text_text_shadow_style,%91object Object%93&#8243; link_text_shadow_horizontal_length=&#8221;link_text_shadow_style,%91object Object%93&#8243; link_text_shadow_vertical_length=&#8221;link_text_shadow_style,%91object Object%93&#8243; link_text_shadow_blur_strength=&#8221;link_text_shadow_style,%91object Object%93&#8243; ul_text_shadow_horizontal_length=&#8221;ul_text_shadow_style,%91object Object%93&#8243; ul_text_shadow_vertical_length=&#8221;ul_text_shadow_style,%91object Object%93&#8243; ul_text_shadow_blur_strength=&#8221;ul_text_shadow_style,%91object Object%93&#8243; ol_text_shadow_horizontal_length=&#8221;ol_text_shadow_style,%91object Object%93&#8243; ol_text_shadow_vertical_length=&#8221;ol_text_shadow_style,%91object Object%93&#8243; ol_text_shadow_blur_strength=&#8221;ol_text_shadow_style,%91object Object%93&#8243; quote_text_shadow_horizontal_length=&#8221;quote_text_shadow_style,%91object Object%93&#8243; quote_text_shadow_vertical_length=&#8221;quote_text_shadow_style,%91object Object%93&#8243; quote_text_shadow_blur_strength=&#8221;quote_text_shadow_style,%91object Object%93&#8243; header_text_shadow_horizontal_length=&#8221;header_text_shadow_style,%91object Object%93&#8243; header_text_shadow_vertical_length=&#8221;header_text_shadow_style,%91object Object%93&#8243; header_text_shadow_blur_strength=&#8221;header_text_shadow_style,%91object Object%93&#8243; header_2_text_shadow_horizontal_length=&#8221;header_2_text_shadow_style,%91object Object%93&#8243; header_2_text_shadow_vertical_length=&#8221;header_2_text_shadow_style,%91object Object%93&#8243; header_2_text_shadow_blur_strength=&#8221;header_2_text_shadow_style,%91object Object%93&#8243; header_3_text_shadow_horizontal_length=&#8221;header_3_text_shadow_style,%91object Object%93&#8243; header_3_text_shadow_vertical_length=&#8221;header_3_text_shadow_style,%91object Object%93&#8243; header_3_text_shadow_blur_strength=&#8221;header_3_text_shadow_style,%91object Object%93&#8243; header_4_text_shadow_horizontal_length=&#8221;header_4_text_shadow_style,%91object Object%93&#8243; header_4_text_shadow_vertical_length=&#8221;header_4_text_shadow_style,%91object Object%93&#8243; header_4_text_shadow_blur_strength=&#8221;header_4_text_shadow_style,%91object Object%93&#8243; header_5_text_shadow_horizontal_length=&#8221;header_5_text_shadow_style,%91object Object%93&#8243; header_5_text_shadow_vertical_length=&#8221;header_5_text_shadow_style,%91object Object%93&#8243; header_5_text_shadow_blur_strength=&#8221;header_5_text_shadow_style,%91object Object%93&#8243; header_6_text_shadow_horizontal_length=&#8221;header_6_text_shadow_style,%91object Object%93&#8243; header_6_text_shadow_vertical_length=&#8221;header_6_text_shadow_style,%91object Object%93&#8243; header_6_text_shadow_blur_strength=&#8221;header_6_text_shadow_style,%91object Object%93&#8243; z_index_tablet=&#8221;500&#8243;]<\/p>\n<p align=\"justify\"><small><i>Les dades emplenades seran incorporades a la base de dades de la Secci\u00f3 sindical d&#8217;UGT a BBVA amb la finalitat de tramitar la participaci\u00f3 en el Sorteig de Loteria de Nadal corresponent. L&#8217;usuari del servei podr\u00e0 exercir en qualsevol moment els drets d&#8217;acc\u00e9s, rectificaci\u00f3 i cancel\u00b7laci\u00f3.<\/i><\/small><\/p>\n<p align=\"justify\"><small><i>La confecci\u00f3 d&#8217;aquest document suposa la seva autoritzaci\u00f3 al tractament automatitzat de les dades que cont\u00e9 l&#8217;impr\u00e9s. L&#8217;usuari atorga expressament la seva autoritzaci\u00f3 perqu\u00e8 la Secci\u00f3 Sindical d&#8217;UGT a BBVA, faciliti a l&#8217;entitat banc\u00e0ria (en cas de c\u00e0rrec en compte) la relaci\u00f3 d&#8217;usuaris amb les dades necess\u00e0ries per al cobrament de la participaci\u00f3, i, arribat el cas, l&#8217;abonament dels premis obtinguts (d&#8217;acord amb el que estableix la Llei Org\u00e0nica de Regulaci\u00f3 del Tractament Automatitzat de Dades de Car\u00e0cter Personal: Llei Org\u00e0nica 5\/1992 de 29 octubre i Llei Org\u00e0nica 15\/1999, de 13 de desembre).<\/i><\/small><\/p>\n<p>[\/et_pb_text][\/et_pb_column][et_pb_column type=&#8221;1_3&#8243;][et_pb_image _builder_version=&#8221;3.22.7&#8243; src=&#8221;http:\/\/fesmcugt.online\/wp-content\/uploads\/2019\/09\/loteria-2019-56186.jpg&#8221; z_index_tablet=&#8221;500&#8243; \/][et_pb_text _builder_version=&#8221;3.22.7&#8243; text_text_shadow_horizontal_length=&#8221;text_text_shadow_style,%91object Object%93&#8243; text_text_shadow_vertical_length=&#8221;text_text_shadow_style,%91object Object%93&#8243; text_text_shadow_blur_strength=&#8221;text_text_shadow_style,%91object Object%93&#8243; link_text_shadow_horizontal_length=&#8221;link_text_shadow_style,%91object Object%93&#8243; link_text_shadow_vertical_length=&#8221;link_text_shadow_style,%91object Object%93&#8243; link_text_shadow_blur_strength=&#8221;link_text_shadow_style,%91object Object%93&#8243; ul_text_shadow_horizontal_length=&#8221;ul_text_shadow_style,%91object Object%93&#8243; ul_text_shadow_vertical_length=&#8221;ul_text_shadow_style,%91object Object%93&#8243; ul_text_shadow_blur_strength=&#8221;ul_text_shadow_style,%91object Object%93&#8243; ol_text_shadow_horizontal_length=&#8221;ol_text_shadow_style,%91object Object%93&#8243; ol_text_shadow_vertical_length=&#8221;ol_text_shadow_style,%91object Object%93&#8243; ol_text_shadow_blur_strength=&#8221;ol_text_shadow_style,%91object Object%93&#8243; quote_text_shadow_horizontal_length=&#8221;quote_text_shadow_style,%91object Object%93&#8243; quote_text_shadow_vertical_length=&#8221;quote_text_shadow_style,%91object Object%93&#8243; quote_text_shadow_blur_strength=&#8221;quote_text_shadow_style,%91object Object%93&#8243; header_text_shadow_horizontal_length=&#8221;header_text_shadow_style,%91object Object%93&#8243; header_text_shadow_vertical_length=&#8221;header_text_shadow_style,%91object Object%93&#8243; header_text_shadow_blur_strength=&#8221;header_text_shadow_style,%91object Object%93&#8243; header_2_text_shadow_horizontal_length=&#8221;header_2_text_shadow_style,%91object Object%93&#8243; header_2_text_shadow_vertical_length=&#8221;header_2_text_shadow_style,%91object Object%93&#8243; header_2_text_shadow_blur_strength=&#8221;header_2_text_shadow_style,%91object Object%93&#8243; header_3_text_shadow_horizontal_length=&#8221;header_3_text_shadow_style,%91object Object%93&#8243; header_3_text_shadow_vertical_length=&#8221;header_3_text_shadow_style,%91object Object%93&#8243; header_3_text_shadow_blur_strength=&#8221;header_3_text_shadow_style,%91object Object%93&#8243; header_4_text_shadow_horizontal_length=&#8221;header_4_text_shadow_style,%91object Object%93&#8243; header_4_text_shadow_vertical_length=&#8221;header_4_text_shadow_style,%91object Object%93&#8243; header_4_text_shadow_blur_strength=&#8221;header_4_text_shadow_style,%91object Object%93&#8243; header_5_text_shadow_horizontal_length=&#8221;header_5_text_shadow_style,%91object Object%93&#8243; header_5_text_shadow_vertical_length=&#8221;header_5_text_shadow_style,%91object Object%93&#8243; header_5_text_shadow_blur_strength=&#8221;header_5_text_shadow_style,%91object Object%93&#8243; header_6_text_shadow_horizontal_length=&#8221;header_6_text_shadow_style,%91object Object%93&#8243; header_6_text_shadow_vertical_length=&#8221;header_6_text_shadow_style,%91object Object%93&#8243; header_6_text_shadow_blur_strength=&#8221;header_6_text_shadow_style,%91object Object%93&#8243; z_index_tablet=&#8221;500&#8243;]<\/p>\n<p>Juga amb nosaltres en el sorteig de la Loteria de Nadal del 22 de desembre, en participacions de 5.00 \u20ac, podent sol\u00b7licitar les participacions que vulguis.<\/p>\n<p>Per cada participaci\u00f3 es juguen 4,20 \u20ac al n\u00famero 56.186, i s&#8217;aporta 0,80 \u20ac per millorar l&#8217;efic\u00e0cia de la nostra Secci\u00f3 Sindical.<\/p>\n<p><em>Els premis obtinguts s&#8217;abonaran en el mateix compte en qu\u00e8 es carregui l&#8217;import sol\u00b7licitat de la loteria, aplicant les retencions legals que corresponguin en funci\u00f3 del premi obtingut.<\/em><\/p>\n<p>[\/et_pb_text][\/et_pb_column][\/et_pb_row][\/et_pb_section]<\/p>\n","protected":false},"excerpt":{"rendered":"<p>[et_pb_section bb_built=&#8221;1&#8243; inner_width=&#8221;auto&#8221; inner_max_width=&#8221;none&#8221;][et_pb_row][et_pb_column type=&#8221;4_4&#8243;][et_pb_text _builder_version=&#8221;3.22.7&#8243; text_orientation=&#8221;center&#8221; text_text_shadow_horizontal_length=&#8221;text_text_shadow_style,%91object Object%93&#8243; text_text_shadow_vertical_length=&#8221;text_text_shadow_style,%91object Object%93&#8243; text_text_shadow_blur_strength=&#8221;text_text_shadow_style,%91object Object%93&#8243; link_text_shadow_horizontal_length=&#8221;link_text_shadow_style,%91object Object%93&#8243; link_text_shadow_vertical_length=&#8221;link_text_shadow_style,%91object Object%93&#8243; link_text_shadow_blur_strength=&#8221;link_text_shadow_style,%91object Object%93&#8243; ul_text_shadow_horizontal_length=&#8221;ul_text_shadow_style,%91object Object%93&#8243; ul_text_shadow_vertical_length=&#8221;ul_text_shadow_style,%91object Object%93&#8243; ul_text_shadow_blur_strength=&#8221;ul_text_shadow_style,%91object Object%93&#8243; ol_text_shadow_horizontal_length=&#8221;ol_text_shadow_style,%91object Object%93&#8243; ol_text_shadow_vertical_length=&#8221;ol_text_shadow_style,%91object Object%93&#8243; ol_text_shadow_blur_strength=&#8221;ol_text_shadow_style,%91object Object%93&#8243; quote_text_shadow_horizontal_length=&#8221;quote_text_shadow_style,%91object Object%93&#8243; quote_text_shadow_vertical_length=&#8221;quote_text_shadow_style,%91object Object%93&#8243; quote_text_shadow_blur_strength=&#8221;quote_text_shadow_style,%91object Object%93&#8243; header_text_shadow_horizontal_length=&#8221;header_text_shadow_style,%91object Object%93&#8243; header_text_shadow_vertical_length=&#8221;header_text_shadow_style,%91object Object%93&#8243; header_text_shadow_blur_strength=&#8221;header_text_shadow_style,%91object Object%93&#8243; header_2_text_shadow_horizontal_length=&#8221;header_2_text_shadow_style,%91object Object%93&#8243; header_2_text_shadow_vertical_length=&#8221;header_2_text_shadow_style,%91object Object%93&#8243; header_2_text_shadow_blur_strength=&#8221;header_2_text_shadow_style,%91object Object%93&#8243; header_3_text_shadow_horizontal_length=&#8221;header_3_text_shadow_style,%91object Object%93&#8243; header_3_text_shadow_vertical_length=&#8221;header_3_text_shadow_style,%91object Object%93&#8243; header_3_text_shadow_blur_strength=&#8221;header_3_text_shadow_style,%91object Object%93&#8243; &#8230; <a title=\"loteria 2019-prova\" class=\"read-more\" href=\"https:\/\/fesmcugt.online\/ca\/loteria-prova\/\" aria-label=\"M\u00e9s informaci\u00f3 sobre loteria 2019-prova\">Llegiu m\u00e9s<\/a><\/p>\n","protected":false},"author":1,"featured_media":0,"parent":0,"menu_order":0,"comment_status":"closed","ping_status":"closed","template":"","meta":{"_acf_changed":false,"_seopress_robots_primary_cat":"","_seopress_titles_title":"","_seopress_titles_desc":"","_seopress_robots_index":"","_editorskit_title_hidden":false,"_editorskit_reading_time":0,"_editorskit_is_block_options_detached":false,"_editorskit_block_options_position":"{}","_coblocks_attr":"","_coblocks_dimensions":"","_coblocks_responsive_height":"","_coblocks_accordion_ie_support":"","_uag_custom_page_level_css":"","footnotes":""},"class_list":["post-1748","page","type-page","status-publish"],"acf":[],"featured_image_src":null,"featured_image_src_square":null,"uagb_featured_image_src":{"full":false,"thumbnail":false,"medium":false,"medium_large":false,"large":false,"1536x1536":false,"2048x2048":false,"gb-block-post-grid-landscape":false,"gb-block-post-grid-square":false},"uagb_author_info":{"display_name":"fcaballero","author_link":"https:\/\/fesmcugt.online\/ca\/author\/fcaballero\/"},"uagb_comment_info":0,"uagb_excerpt":"[et_pb_section bb_built=&#8221;1&#8243; inner_width=&#8221;auto&#8221; inner_max_width=&#8221;none&#8221;][et_pb_row][et_pb_column type=&#8221;4_4&#8243;][et_pb_text _builder_version=&#8221;3.22.7&#8243; text_orientation=&#8221;center&#8221; text_text_shadow_horizontal_length=&#8221;text_text_shadow_style,%91object Object%93&#8243; text_text_shadow_vertical_length=&#8221;text_text_shadow_style,%91object Object%93&#8243; text_text_shadow_blur_strength=&#8221;text_text_shadow_style,%91object Object%93&#8243; link_text_shadow_horizontal_length=&#8221;link_text_shadow_style,%91object Object%93&#8243; link_text_shadow_vertical_length=&#8221;link_text_shadow_style,%91object Object%93&#8243; link_text_shadow_blur_strength=&#8221;link_text_shadow_style,%91object Object%93&#8243; ul_text_shadow_horizontal_length=&#8221;ul_text_shadow_style,%91object Object%93&#8243; ul_text_shadow_vertical_length=&#8221;ul_text_shadow_style,%91object Object%93&#8243; ul_text_shadow_blur_strength=&#8221;ul_text_shadow_style,%91object Object%93&#8243; ol_text_shadow_horizontal_length=&#8221;ol_text_shadow_style,%91object Object%93&#8243; ol_text_shadow_vertical_length=&#8221;ol_text_shadow_style,%91object Object%93&#8243; ol_text_shadow_blur_strength=&#8221;ol_text_shadow_style,%91object Object%93&#8243; quote_text_shadow_horizontal_length=&#8221;quote_text_shadow_style,%91object Object%93&#8243; quote_text_shadow_vertical_length=&#8221;quote_text_shadow_style,%91object Object%93&#8243; quote_text_shadow_blur_strength=&#8221;quote_text_shadow_style,%91object Object%93&#8243; header_text_shadow_horizontal_length=&#8221;header_text_shadow_style,%91object Object%93&#8243; header_text_shadow_vertical_length=&#8221;header_text_shadow_style,%91object Object%93&#8243; header_text_shadow_blur_strength=&#8221;header_text_shadow_style,%91object Object%93&#8243; header_2_text_shadow_horizontal_length=&#8221;header_2_text_shadow_style,%91object Object%93&#8243; header_2_text_shadow_vertical_length=&#8221;header_2_text_shadow_style,%91object Object%93&#8243; header_2_text_shadow_blur_strength=&#8221;header_2_text_shadow_style,%91object Object%93&#8243; header_3_text_shadow_horizontal_length=&#8221;header_3_text_shadow_style,%91object Object%93&#8243; header_3_text_shadow_vertical_length=&#8221;header_3_text_shadow_style,%91object Object%93&#8243; header_3_text_shadow_blur_strength=&#8221;header_3_text_shadow_style,%91object Object%93&#8243;&hellip;","_links":{"self":[{"href":"https:\/\/fesmcugt.online\/ca\/wp-json\/wp\/v2\/pages\/1748","targetHints":{"allow":["GET"]}}],"collection":[{"href":"https:\/\/fesmcugt.online\/ca\/wp-json\/wp\/v2\/pages"}],"about":[{"href":"https:\/\/fesmcugt.online\/ca\/wp-json\/wp\/v2\/types\/page"}],"author":[{"embeddable":true,"href":"https:\/\/fesmcugt.online\/ca\/wp-json\/wp\/v2\/users\/1"}],"replies":[{"embeddable":true,"href":"https:\/\/fesmcugt.online\/ca\/wp-json\/wp\/v2\/comments?post=1748"}],"version-history":[{"count":2,"href":"https:\/\/fesmcugt.online\/ca\/wp-json\/wp\/v2\/pages\/1748\/revisions"}],"predecessor-version":[{"id":4455,"href":"https:\/\/fesmcugt.online\/ca\/wp-json\/wp\/v2\/pages\/1748\/revisions\/4455"}],"wp:attachment":[{"href":"https:\/\/fesmcugt.online\/ca\/wp-json\/wp\/v2\/media?parent=1748"}],"curies":[{"name":"wp","href":"https:\/\/api.w.org\/{rel}","templated":true}]}}